{"id":24696,"date":"2024-09-25T09:16:15","date_gmt":"2024-09-25T01:16:15","guid":{"rendered":"https:\/\/www.zhgdled.com\/product\/galaxy-5-series-stadium-lights"},"modified":"2024-10-29T08:28:32","modified_gmt":"2024-10-29T00:28:32","slug":"galaxy-5-series-stadium-lights","status":"publish","type":"product","link":"https:\/\/www.zhgdled.com\/tr\/galaxy-5-series-stadium-lights.html","title":{"rendered":"GALAXY 5 Serisi Stadyum I\u015f\u0131klar\u0131"},"content":{"rendered":"<h2><span style=\"color: #ff6600;\">FUTBOL \/ BASKETBOL \/ BEYZBOL \/ HOKEY STADYUMLARI \u0130\u00c7\u0130N PROFESYONEL AYDINLATMA ARMAT\u00dcR\u00dc<\/span><\/h2>\n<p>ZHL&#8217;nin GALAXY 5 Serisi, b\u00fcy\u00fck \u00f6l\u00e7ekli stadyumlar ve spor arenalar\u0131 i\u00e7in tasarlanm\u0131\u015f y\u00fcksek performansl\u0131 LED projekt\u00f6rler sunar. Son teknoloji Philips SMD2835 \u00e7ipleri ve \u00fcst\u00fcn s\u00fcr\u00fcc\u00fclerle donat\u0131lan bu projekt\u00f6rler, uzun \u00f6m\u00fcrl\u00fc dayan\u0131kl\u0131l\u0131k, ola\u011fan\u00fcst\u00fc parlakl\u0131k ve optimize edilmi\u015f enerji verimlili\u011fi sa\u011flar.<\/p>\n<h4>Temel \u00d6zellikler:<\/h4>\n<ul>\n<li><strong>Y\u00fcksek Ayd\u0131nlatma Verimlili\u011fi:<\/strong> Her model etkileyici 160 LM\/W \u00b1%10 sunar ve minimum enerji t\u00fcketimiyle maksimum parlakl\u0131k sa\u011flar.<\/li>\n<li><strong>Geni\u015f G\u00fc\u00e7 Aral\u0131\u011f\u0131:<\/strong> \u00c7e\u015fitli stadyum ve geni\u015f alan ayd\u0131nlatma ihtiya\u00e7lar\u0131n\u0131 kar\u015f\u0131lamak i\u00e7in 300W ila 1200W aras\u0131nda mevcuttur.<\/li>\n<li><strong>Geli\u015fmi\u015f A\u015f\u0131r\u0131 Gerilim Korumas\u0131:<\/strong> Dahili 10KV a\u015f\u0131r\u0131 gerilim korumas\u0131, zorlu ko\u015fullarda bile sa\u011flam performans sa\u011flar.<\/li>\n<li><strong>\u00c7ok Y\u00f6nl\u00fc I\u015f\u0131n A\u00e7\u0131lar\u0131:<\/strong> 30\u00b0\/60\u00b0\/90\u00b0\/45*80\u00b0 dahil olmak \u00fczere birden fazla se\u00e7enek, \u00e7e\u015fitli kurulumlar i\u00e7in uyarlanabilir ayd\u0131nlatma \u00e7\u00f6z\u00fcmleri sunar.<\/li>\n<li><strong>Renk S\u0131cakl\u0131\u011f\u0131 Se\u00e7enekleri:<\/strong> 2700K ila 7000K aras\u0131nda de\u011fi\u015fen ayarlanabilir CCT, farkl\u0131 ortamlar i\u00e7in s\u0131cak ila so\u011fuk \u0131\u015f\u0131k tonlar\u0131 sunar.<\/li>\n<li><strong>IP65 Derecesi:<\/strong> IP65 sertifikal\u0131 bu \u0131\u015f\u0131klar, d\u0131\u015f mekanlar ve a\u00e7\u0131k ortamlar i\u00e7in ideal hale getirerek elementlere dayanacak \u015fekilde tasarlanm\u0131\u015ft\u0131r.<\/li>\n<li><strong>Dayan\u0131kl\u0131l\u0131k:<\/strong> 50.000 saatlik kullan\u0131m \u00f6mr\u00fc ve 5 y\u0131ll\u0131k garantiyle bu projekt\u00f6rler e\u015fsiz g\u00fcvenilirlik sunar.<\/li>\n<li><strong>Sertifikalar:<\/strong> K\u00fcresel g\u00fcvenlik ve kalite standartlar\u0131na ba\u011fl\u0131 kalarak CB ve CE kapsam\u0131nda tam sertifikal\u0131d\u0131r.<\/li>\n<\/ul>\n<h4>Teknik \u00d6zellikler Genel Bak\u0131\u015f:<\/h4>\n<table>\n<thead>\n<tr>\n<th><strong>Model #<\/strong><\/th>\n<th><strong>Watt<\/strong><\/th>\n<th>I\u015f\u0131k Verimlili\u011fi<\/th>\n<th>S\u00fcr\u00fcc\u00fc<\/th>\n<th><strong>Surge Protection<\/strong><\/th>\n<th><strong>Chip<\/strong><\/th>\n<th><strong>CRI<\/strong><\/th>\n<th><strong>CCT<\/strong><\/th>\n<th><strong>\u00dcr\u00fcn Boyutu (mm)<\/strong><\/th>\n<th>Malzeme<\/th>\n<th>Garanti<\/th>\n<\/tr>\n<\/thead>\n<tbody>\n<tr>\n<td>ZGE-YHTGD295W533F-300E<\/td>\n<td>300W<\/td>\n<td>160 LM\/W \u00b110%<\/td>\n<td>ZH Non-Isolated Driver<\/td>\n<td>10KV<\/td>\n<td>Philips SMD2835<\/td>\n<td>\u226580<\/td>\n<td>2700-7000K<\/td>\n<td>295*<em>533*<\/em>153<\/td>\n<td>Aluminum Body + Tempered Glass Cover<\/td>\n<td>5 years, 50,000 hrs@L70B50<\/td>\n<\/tr>\n<tr>\n<td>ZGE-YHTGD295W533F-400E<\/td>\n<td>400W<\/td>\n<td>160 LM\/W \u00b110%<\/td>\n<td>ZH Non-Isolated Driver<\/td>\n<td>10KV<\/td>\n<td>Philips SMD2835<\/td>\n<td>\u226580<\/td>\n<td>2700-7000K<\/td>\n<td>295*<em>533*<\/em>153<\/td>\n<td>Aluminum Body + Tempered Glass Cover<\/td>\n<td>5 years, 50,000 hrs@L70B50<\/td>\n<\/tr>\n<tr>\n<td>ZGE-YHTGD680W566F-500E<\/td>\n<td>500W<\/td>\n<td>160 LM\/W \u00b110%<\/td>\n<td>ZH Non-Isolated Driver<\/td>\n<td>10KV<\/td>\n<td>Philips SMD2835<\/td>\n<td>\u226580<\/td>\n<td>2700-7000K<\/td>\n<td>680*<em>566*<\/em>153<\/td>\n<td>Aluminum Body + Tempered Glass Cover<\/td>\n<td>5 years, 50,000 hrs@L70B50<\/td>\n<\/tr>\n<tr>\n<td>ZGE-YHTGD680W566F-600E<\/td>\n<td>600W<\/td>\n<td>160 LM\/W \u00b110%<\/td>\n<td>ZH Non-Isolated Driver<\/td>\n<td>10KV<\/td>\n<td>Philips SMD2835<\/td>\n<td>\u226580<\/td>\n<td>2700-7000K<\/td>\n<td>680*<em>566*<\/em>153<\/td>\n<td>Aluminum Body + Tempered Glass Cover<\/td>\n<td>5 years, 50,000 hrs@L70B50<\/td>\n<\/tr>\n<tr>\n<td>ZGE-YHTGD680W566F-800E<\/td>\n<td>800W<\/td>\n<td>160 LM\/W \u00b110%<\/td>\n<td>ZH Non-Isolated Driver<\/td>\n<td>10KV<\/td>\n<td>Philips SMD2835<\/td>\n<td>\u226580<\/td>\n<td>2700-7000K<\/td>\n<td>680*<em>566<\/em>*153<\/td>\n<td>Aluminum Body + Tempered Glass Cover<\/td>\n<td>5 years, 50,000 hrs@L70B50<\/td>\n<\/tr>\n<tr>\n<td>ZGE-YHTGD970W566F-900E<\/td>\n<td>900W<\/td>\n<td>160 LM\/W \u00b110%<\/td>\n<td>SONSEN Non-Isolated Driver<\/td>\n<td>10KV<\/td>\n<td>Philips SMD2835<\/td>\n<td>\u226580<\/td>\n<td>2700-7000K<\/td>\n<td>970*<em>566*<\/em>153<\/td>\n<td>Aluminum Body + Tempered Glass Cover<\/td>\n<td>5 years, 50,000 hrs@L70B50<\/td>\n<\/tr>\n<tr>\n<td>ZGE-YHTGD970W566F-1000E<\/td>\n<td>1000W<\/td>\n<td>160 LM\/W \u00b110%<\/td>\n<td>SONSEN Non-Isolated Driver<\/td>\n<td>10KV<\/td>\n<td>Philips SMD2835<\/td>\n<td>\u226580<\/td>\n<td>2700-7000K<\/td>\n<td>970*<em>566*<\/em>153<\/td>\n<td>Aluminum Body + Tempered Glass Cover<\/td>\n<td>5 years, 50,000 hrs@L70B50<\/td>\n<\/tr>\n<tr>\n<td>ZGE-YHTGD970W566F-1200E<\/td>\n<td>1200W<\/td>\n<td>160 LM\/W \u00b110%<\/td>\n<td>SONSEN Non-Isolated Driver<\/td>\n<td>10KV<\/td>\n<td>Philips SMD2835<\/td>\n<td>\u226580<\/td>\n<td>2700-7000K<\/td>\n<td>970*<em>566*<\/em>153<\/td>\n<td>Aluminum Body + Tempered Glass Cover<\/td>\n<td>5 years, 50,000 hrs@L70B50<\/td>\n<\/tr>\n<\/tbody>\n<\/table>\n<p>&nbsp;<\/p>\n<p><img decoding=\"async\" class=\"alignnone size-full wp-image-24663\" src=\"https:\/\/www.zhgdled.com\/wp-content\/uploads\/2024\/09\/20240925-083036.png\" alt=\"\" width=\"795\" height=\"759\" srcset=\"https:\/\/www.zhgdled.com\/wp-content\/uploads\/2024\/09\/20240925-083036.png 795w, https:\/\/www.zhgdled.com\/wp-content\/uploads\/2024\/09\/20240925-083036-300x286.png 300w, https:\/\/www.zhgdled.com\/wp-content\/uploads\/2024\/09\/20240925-083036-768x733.png 768w, https:\/\/www.zhgdled.com\/wp-content\/uploads\/2024\/09\/20240925-083036-600x573.png 600w, https:\/\/www.zhgdled.com\/wp-content\/uploads\/2024\/09\/20240925-083036-150x143.png 150w\" sizes=\"(max-width: 795px) 100vw, 795px\" \/><\/p>\n<p><img decoding=\"async\" class=\"alignnone size-full wp-image-24674\" src=\"https:\/\/www.zhgdled.com\/wp-content\/uploads\/2024\/09\/20240925083305.png\" alt=\"\" width=\"1259\" height=\"1611\" srcset=\"https:\/\/www.zhgdled.com\/wp-content\/uploads\/2024\/09\/20240925083305.png 1259w, https:\/\/www.zhgdled.com\/wp-content\/uploads\/2024\/09\/20240925083305-234x300.png 234w, https:\/\/www.zhgdled.com\/wp-content\/uploads\/2024\/09\/20240925083305-800x1024.png 800w, https:\/\/www.zhgdled.com\/wp-content\/uploads\/2024\/09\/20240925083305-768x983.png 768w, https:\/\/www.zhgdled.com\/wp-content\/uploads\/2024\/09\/20240925083305-1200x1536.png 1200w, https:\/\/www.zhgdled.com\/wp-content\/uploads\/2024\/09\/20240925083305-600x768.png 600w, https:\/\/www.zhgdled.com\/wp-content\/uploads\/2024\/09\/20240925083305-150x192.png 150w\" sizes=\"(max-width: 1259px) 100vw, 1259px\" \/><\/p>\n","protected":false},"excerpt":{"rendered":"<p>ZHL&#8217;nin GALAXY 5 Serisi, b\u00fcy\u00fck \u00f6l\u00e7ekli stadyumlar ve spor arenalar\u0131 i\u00e7in tasarlanm\u0131\u015f y\u00fcksek performansl\u0131 LED projekt\u00f6rler sunar. Son teknoloji Philips SMD2835 \u00e7ipleri ve \u00fcst\u00fcn s\u00fcr\u00fcc\u00fclerle donat\u0131lm\u0131\u015f bu projekt\u00f6rler, uzun \u00f6m\u00fcrl\u00fc dayan\u0131kl\u0131l\u0131k, ola\u011fan\u00fcst\u00fc parlakl\u0131k ve optimize edilmi\u015f enerji verimlili\u011fi sa\u011flar.<\/p>\n<ul>\n<li>300W 400W 500W 600W 800W 900W 1000W 1200W<\/li>\n<li>160LM\/W<\/li>\n<li>Bas\u0131n\u00e7l\u0131 al\u00fcminyum, temperli cam<\/li>\n<li>CE CB<\/li>\n<\/ul>\n","protected":false},"featured_media":24617,"template":"","meta":[],"product_brand":[],"product_cat":[666],"product_tag":[],"class_list":{"0":"post-24696","1":"product","2":"type-product","3":"status-publish","4":"has-post-thumbnail","6":"product_cat-led-projektorler","8":"first","9":"instock","10":"featured","11":"shipping-taxable","12":"product-type-simple"},"yoast_head":"<!-- This site is optimized with the Yoast SEO plugin v27.4 - https:\/\/yoast.com\/product\/yoast-seo-wordpress\/ -->\n<title>GALAXY 5 Serisi Stadyum I\u015f\u0131klar\u0131 &#8211; ZHL I\u015f\u0131k Grubu<\/title>\n<meta name=\"description\" content=\"ZHL&#039;nin GALAXY 5 Serisi, b\u00fcy\u00fck \u00f6l\u00e7ekli stadyumlar ve spor arenalar\u0131 i\u00e7in tasarlanm\u0131\u015f y\u00fcksek performansl\u0131 LED projekt\u00f6rler sunar. Son teknoloji Philips SMD2835 \u00e7ipleri ve \u00fcst\u00fcn s\u00fcr\u00fcc\u00fclerle donat\u0131lan bu projekt\u00f6rler, uzun \u00f6m\u00fcrl\u00fc dayan\u0131kl\u0131l\u0131k, ola\u011fan\u00fcst\u00fc parlakl\u0131k ve optimize edilmi\u015f enerji verimlili\u011fi sa\u011flar.\" \/>\n<meta name=\"robots\" content=\"index, follow, max-snippet:-1, max-image-preview:large, max-video-preview:-1\" \/>\n<link rel=\"canonical\" href=\"https:\/\/www.zhgdled.com\/tr\/galaxy-5-series-stadium-lights.html\" \/>\n<meta property=\"og:locale\" content=\"tr_TR\" \/>\n<meta property=\"og:type\" content=\"article\" \/>\n<meta property=\"og:title\" content=\"GALAXY 5 Serisi Stadyum I\u015f\u0131klar\u0131 &#8211; ZHL I\u015f\u0131k Grubu\" \/>\n<meta property=\"og:description\" content=\"ZHL&#039;nin GALAXY 5 Serisi, b\u00fcy\u00fck \u00f6l\u00e7ekli stadyumlar ve spor arenalar\u0131 i\u00e7in tasarlanm\u0131\u015f y\u00fcksek performansl\u0131 LED projekt\u00f6rler sunar. Son teknoloji Philips SMD2835 \u00e7ipleri ve \u00fcst\u00fcn s\u00fcr\u00fcc\u00fclerle donat\u0131lan bu projekt\u00f6rler, uzun \u00f6m\u00fcrl\u00fc dayan\u0131kl\u0131l\u0131k, ola\u011fan\u00fcst\u00fc parlakl\u0131k ve optimize edilmi\u015f enerji verimlili\u011fi sa\u011flar.\" \/>\n<meta property=\"og:url\" content=\"https:\/\/www.zhgdled.com\/tr\/galaxy-5-series-stadium-lights.html\" \/>\n<meta property=\"og:site_name\" content=\"ZHL I\u015f\u0131k Grubu\" \/>\n<meta property=\"article:publisher\" content=\"https:\/\/www.facebook.com\/zhllightinggroup\" \/>\n<meta property=\"article:modified_time\" content=\"2024-10-29T00:28:32+00:00\" \/>\n<meta property=\"og:image\" content=\"https:\/\/www.zhgdled.com\/wp-content\/uploads\/2024\/09\/31.jpg\" \/>\n\t<meta property=\"og:image:width\" content=\"1600\" \/>\n\t<meta property=\"og:image:height\" content=\"1600\" \/>\n\t<meta property=\"og:image:type\" content=\"image\/jpeg\" \/>\n<meta name=\"twitter:card\" content=\"summary_large_image\" \/>\n<meta name=\"twitter:site\" content=\"@zhl_lighting\" \/>\n<meta name=\"twitter:label1\" content=\"Tahmini okuma s\u00fcresi\" \/>\n\t<meta name=\"twitter:data1\" content=\"3 dakika\" \/>\n<script type=\"application\/ld+json\" class=\"yoast-schema-graph\">{\"@context\":\"https:\\\/\\\/schema.org\",\"@graph\":[{\"@type\":\"WebPage\",\"@id\":\"https:\\\/\\\/www.zhgdled.com\\\/tr\\\/galaxy-5-series-stadium-lights.html\",\"url\":\"https:\\\/\\\/www.zhgdled.com\\\/tr\\\/galaxy-5-series-stadium-lights.html\",\"name\":\"GALAXY 5 Serisi Stadyum I\u015f\u0131klar\u0131 &#8211; ZHL I\u015f\u0131k Grubu\",\"isPartOf\":{\"@id\":\"https:\\\/\\\/www.zhgdled.com\\\/tr\\\/#website\"},\"primaryImageOfPage\":{\"@id\":\"https:\\\/\\\/www.zhgdled.com\\\/tr\\\/galaxy-5-series-stadium-lights.html#primaryimage\"},\"image\":{\"@id\":\"https:\\\/\\\/www.zhgdled.com\\\/tr\\\/galaxy-5-series-stadium-lights.html#primaryimage\"},\"thumbnailUrl\":\"https:\\\/\\\/www.zhgdled.com\\\/wp-content\\\/uploads\\\/2024\\\/09\\\/31.jpg\",\"datePublished\":\"2024-09-25T01:16:15+00:00\",\"dateModified\":\"2024-10-29T00:28:32+00:00\",\"description\":\"ZHL'nin GALAXY 5 Serisi, b\u00fcy\u00fck \u00f6l\u00e7ekli stadyumlar ve spor arenalar\u0131 i\u00e7in tasarlanm\u0131\u015f y\u00fcksek performansl\u0131 LED projekt\u00f6rler sunar. Son teknoloji Philips SMD2835 \u00e7ipleri ve \u00fcst\u00fcn s\u00fcr\u00fcc\u00fclerle donat\u0131lan bu projekt\u00f6rler, uzun \u00f6m\u00fcrl\u00fc dayan\u0131kl\u0131l\u0131k, ola\u011fan\u00fcst\u00fc parlakl\u0131k ve optimize edilmi\u015f enerji verimlili\u011fi sa\u011flar.\",\"breadcrumb\":{\"@id\":\"https:\\\/\\\/www.zhgdled.com\\\/tr\\\/galaxy-5-series-stadium-lights.html#breadcrumb\"},\"inLanguage\":\"tr\",\"potentialAction\":[{\"@type\":\"ReadAction\",\"target\":[\"https:\\\/\\\/www.zhgdled.com\\\/tr\\\/galaxy-5-series-stadium-lights.html\"]}]},{\"@type\":\"ImageObject\",\"inLanguage\":\"tr\",\"@id\":\"https:\\\/\\\/www.zhgdled.com\\\/tr\\\/galaxy-5-series-stadium-lights.html#primaryimage\",\"url\":\"https:\\\/\\\/www.zhgdled.com\\\/wp-content\\\/uploads\\\/2024\\\/09\\\/31.jpg\",\"contentUrl\":\"https:\\\/\\\/www.zhgdled.com\\\/wp-content\\\/uploads\\\/2024\\\/09\\\/31.jpg\",\"width\":1600,\"height\":1600,\"caption\":\"Galaxy 5 stadium lights\"},{\"@type\":\"BreadcrumbList\",\"@id\":\"https:\\\/\\\/www.zhgdled.com\\\/tr\\\/galaxy-5-series-stadium-lights.html#breadcrumb\",\"itemListElement\":[{\"@type\":\"ListItem\",\"position\":1,\"name\":\"Home\",\"item\":\"https:\\\/\\\/www.zhgdled.com\\\/tr\"},{\"@type\":\"ListItem\",\"position\":2,\"name\":\"PRODUCTS\",\"item\":\"https:\\\/\\\/www.zhgdled.com\\\/zhl-products.html\"},{\"@type\":\"ListItem\",\"position\":3,\"name\":\"GALAXY 5 Serisi Stadyum I\u015f\u0131klar\u0131\"}]},{\"@type\":\"WebSite\",\"@id\":\"https:\\\/\\\/www.zhgdled.com\\\/tr\\\/#website\",\"url\":\"https:\\\/\\\/www.zhgdled.com\\\/tr\\\/\",\"name\":\"ZHL I\u015f\u0131k Grubu\",\"description\":\"Top ranking industrial lighting manufacturer and exporter\",\"publisher\":{\"@id\":\"https:\\\/\\\/www.zhgdled.com\\\/tr\\\/#organization\"},\"potentialAction\":[{\"@type\":\"SearchAction\",\"target\":{\"@type\":\"EntryPoint\",\"urlTemplate\":\"https:\\\/\\\/www.zhgdled.com\\\/tr\\\/?s={search_term_string}\"},\"query-input\":{\"@type\":\"PropertyValueSpecification\",\"valueRequired\":true,\"valueName\":\"search_term_string\"}}],\"inLanguage\":\"tr\"},{\"@type\":\"Organization\",\"@id\":\"https:\\\/\\\/www.zhgdled.com\\\/tr\\\/#organization\",\"name\":\"ZHL Lighting Group\",\"url\":\"https:\\\/\\\/www.zhgdled.com\\\/tr\\\/\",\"logo\":{\"@type\":\"ImageObject\",\"inLanguage\":\"tr\",\"@id\":\"https:\\\/\\\/www.zhgdled.com\\\/tr\\\/#\\\/schema\\\/logo\\\/image\\\/\",\"url\":\"\",\"contentUrl\":\"\",\"caption\":\"ZHL Lighting Group\"},\"image\":{\"@id\":\"https:\\\/\\\/www.zhgdled.com\\\/tr\\\/#\\\/schema\\\/logo\\\/image\\\/\"},\"sameAs\":[\"https:\\\/\\\/www.facebook.com\\\/zhllightinggroup\",\"https:\\\/\\\/x.com\\\/zhl_lighting\"]}]}<\/script>\n<!-- \/ Yoast SEO plugin. -->","yoast_head_json":{"title":"GALAXY 5 Serisi Stadyum I\u015f\u0131klar\u0131 &#8211; ZHL I\u015f\u0131k Grubu","description":"ZHL'nin GALAXY 5 Serisi, b\u00fcy\u00fck \u00f6l\u00e7ekli stadyumlar ve spor arenalar\u0131 i\u00e7in tasarlanm\u0131\u015f y\u00fcksek performansl\u0131 LED projekt\u00f6rler sunar. Son teknoloji Philips SMD2835 \u00e7ipleri ve \u00fcst\u00fcn s\u00fcr\u00fcc\u00fclerle donat\u0131lan bu projekt\u00f6rler, uzun \u00f6m\u00fcrl\u00fc dayan\u0131kl\u0131l\u0131k, ola\u011fan\u00fcst\u00fc parlakl\u0131k ve optimize edilmi\u015f enerji verimlili\u011fi sa\u011flar.","robots":{"index":"index","follow":"follow","max-snippet":"max-snippet:-1","max-image-preview":"max-image-preview:large","max-video-preview":"max-video-preview:-1"},"canonical":"https:\/\/www.zhgdled.com\/tr\/galaxy-5-series-stadium-lights.html","og_locale":"tr_TR","og_type":"article","og_title":"GALAXY 5 Serisi Stadyum I\u015f\u0131klar\u0131 &#8211; ZHL I\u015f\u0131k Grubu","og_description":"ZHL'nin GALAXY 5 Serisi, b\u00fcy\u00fck \u00f6l\u00e7ekli stadyumlar ve spor arenalar\u0131 i\u00e7in tasarlanm\u0131\u015f y\u00fcksek performansl\u0131 LED projekt\u00f6rler sunar. Son teknoloji Philips SMD2835 \u00e7ipleri ve \u00fcst\u00fcn s\u00fcr\u00fcc\u00fclerle donat\u0131lan bu projekt\u00f6rler, uzun \u00f6m\u00fcrl\u00fc dayan\u0131kl\u0131l\u0131k, ola\u011fan\u00fcst\u00fc parlakl\u0131k ve optimize edilmi\u015f enerji verimlili\u011fi sa\u011flar.","og_url":"https:\/\/www.zhgdled.com\/tr\/galaxy-5-series-stadium-lights.html","og_site_name":"ZHL I\u015f\u0131k Grubu","article_publisher":"https:\/\/www.facebook.com\/zhllightinggroup","article_modified_time":"2024-10-29T00:28:32+00:00","og_image":[{"width":1600,"height":1600,"url":"https:\/\/www.zhgdled.com\/wp-content\/uploads\/2024\/09\/31.jpg","type":"image\/jpeg"}],"twitter_card":"summary_large_image","twitter_site":"@zhl_lighting","twitter_misc":{"Tahmini okuma s\u00fcresi":"3 dakika"},"schema":{"@context":"https:\/\/schema.org","@graph":[{"@type":"WebPage","@id":"https:\/\/www.zhgdled.com\/tr\/galaxy-5-series-stadium-lights.html","url":"https:\/\/www.zhgdled.com\/tr\/galaxy-5-series-stadium-lights.html","name":"GALAXY 5 Serisi Stadyum I\u015f\u0131klar\u0131 &#8211; ZHL I\u015f\u0131k Grubu","isPartOf":{"@id":"https:\/\/www.zhgdled.com\/tr\/#website"},"primaryImageOfPage":{"@id":"https:\/\/www.zhgdled.com\/tr\/galaxy-5-series-stadium-lights.html#primaryimage"},"image":{"@id":"https:\/\/www.zhgdled.com\/tr\/galaxy-5-series-stadium-lights.html#primaryimage"},"thumbnailUrl":"https:\/\/www.zhgdled.com\/wp-content\/uploads\/2024\/09\/31.jpg","datePublished":"2024-09-25T01:16:15+00:00","dateModified":"2024-10-29T00:28:32+00:00","description":"ZHL'nin GALAXY 5 Serisi, b\u00fcy\u00fck \u00f6l\u00e7ekli stadyumlar ve spor arenalar\u0131 i\u00e7in tasarlanm\u0131\u015f y\u00fcksek performansl\u0131 LED projekt\u00f6rler sunar. Son teknoloji Philips SMD2835 \u00e7ipleri ve \u00fcst\u00fcn s\u00fcr\u00fcc\u00fclerle donat\u0131lan bu projekt\u00f6rler, uzun \u00f6m\u00fcrl\u00fc dayan\u0131kl\u0131l\u0131k, ola\u011fan\u00fcst\u00fc parlakl\u0131k ve optimize edilmi\u015f enerji verimlili\u011fi sa\u011flar.","breadcrumb":{"@id":"https:\/\/www.zhgdled.com\/tr\/galaxy-5-series-stadium-lights.html#breadcrumb"},"inLanguage":"tr","potentialAction":[{"@type":"ReadAction","target":["https:\/\/www.zhgdled.com\/tr\/galaxy-5-series-stadium-lights.html"]}]},{"@type":"ImageObject","inLanguage":"tr","@id":"https:\/\/www.zhgdled.com\/tr\/galaxy-5-series-stadium-lights.html#primaryimage","url":"https:\/\/www.zhgdled.com\/wp-content\/uploads\/2024\/09\/31.jpg","contentUrl":"https:\/\/www.zhgdled.com\/wp-content\/uploads\/2024\/09\/31.jpg","width":1600,"height":1600,"caption":"Galaxy 5 stadium lights"},{"@type":"BreadcrumbList","@id":"https:\/\/www.zhgdled.com\/tr\/galaxy-5-series-stadium-lights.html#breadcrumb","itemListElement":[{"@type":"ListItem","position":1,"name":"Home","item":"https:\/\/www.zhgdled.com\/tr"},{"@type":"ListItem","position":2,"name":"PRODUCTS","item":"https:\/\/www.zhgdled.com\/zhl-products.html"},{"@type":"ListItem","position":3,"name":"GALAXY 5 Serisi Stadyum I\u015f\u0131klar\u0131"}]},{"@type":"WebSite","@id":"https:\/\/www.zhgdled.com\/tr\/#website","url":"https:\/\/www.zhgdled.com\/tr\/","name":"ZHL I\u015f\u0131k Grubu","description":"Top ranking industrial lighting manufacturer and exporter","publisher":{"@id":"https:\/\/www.zhgdled.com\/tr\/#organization"},"potentialAction":[{"@type":"SearchAction","target":{"@type":"EntryPoint","urlTemplate":"https:\/\/www.zhgdled.com\/tr\/?s={search_term_string}"},"query-input":{"@type":"PropertyValueSpecification","valueRequired":true,"valueName":"search_term_string"}}],"inLanguage":"tr"},{"@type":"Organization","@id":"https:\/\/www.zhgdled.com\/tr\/#organization","name":"ZHL Lighting Group","url":"https:\/\/www.zhgdled.com\/tr\/","logo":{"@type":"ImageObject","inLanguage":"tr","@id":"https:\/\/www.zhgdled.com\/tr\/#\/schema\/logo\/image\/","url":"","contentUrl":"","caption":"ZHL Lighting Group"},"image":{"@id":"https:\/\/www.zhgdled.com\/tr\/#\/schema\/logo\/image\/"},"sameAs":["https:\/\/www.facebook.com\/zhllightinggroup","https:\/\/x.com\/zhl_lighting"]}]}},"_links":{"self":[{"href":"https:\/\/www.zhgdled.com\/tr\/wp-json\/wp\/v2\/product\/24696","targetHints":{"allow":["GET"]}}],"collection":[{"href":"https:\/\/www.zhgdled.com\/tr\/wp-json\/wp\/v2\/product"}],"about":[{"href":"https:\/\/www.zhgdled.com\/tr\/wp-json\/wp\/v2\/types\/product"}],"wp:featuredmedia":[{"embeddable":true,"href":"https:\/\/www.zhgdled.com\/tr\/wp-json\/wp\/v2\/media\/24617"}],"wp:attachment":[{"href":"https:\/\/www.zhgdled.com\/tr\/wp-json\/wp\/v2\/media?parent=24696"}],"wp:term":[{"taxonomy":"product_brand","embeddable":true,"href":"https:\/\/www.zhgdled.com\/tr\/wp-json\/wp\/v2\/product_brand?post=24696"},{"taxonomy":"product_cat","embeddable":true,"href":"https:\/\/www.zhgdled.com\/tr\/wp-json\/wp\/v2\/product_cat?post=24696"},{"taxonomy":"product_tag","embeddable":true,"href":"https:\/\/www.zhgdled.com\/tr\/wp-json\/wp\/v2\/product_tag?post=24696"}],"curies":[{"name":"wp","href":"https:\/\/api.w.org\/{rel}","templated":true}]}}