{"id":7934,"date":"2022-07-14T09:10:20","date_gmt":"2022-07-14T01:10:20","guid":{"rendered":"https:\/\/www.zhgdled.com\/product\/led-work-lights-with-plug-floodlight"},"modified":"2023-12-28T09:14:45","modified_gmt":"2023-12-28T01:14:45","slug":"led-work-lights-with-plug-floodlight","status":"publish","type":"product","link":"https:\/\/www.zhgdled.com\/tr\/led-work-lights-with-plug-floodlight.html","title":{"rendered":"Fi\u015f Projekt\u00f6rl\u00fc LED \u00c7al\u0131\u015fma I\u015f\u0131klar\u0131"},"content":{"rendered":"<ul>\n<li>5500LM&#8217;ye kadar parlakl\u0131k \u00fcretebilen y\u00fcksek kaliteli \u00e7ipler, uzun \u00f6m\u00fcrl\u00fc LED&#8217;lerin asla de\u011fi\u015ftirilmesi gerekmeyecek. 120 dereceye kadar y\u00fcksek kaliteli yans\u0131t\u0131c\u0131 film ve \u0131\u015f\u0131n a\u00e7\u0131s\u0131 daha parlak \u0131\u015f\u0131k sa\u011flar. 500W halojen ampule e\u015fde\u011ferdir ve elektrik faturas\u0131nda %85&#8217;in \u00fczerinde tasarruf sa\u011flar.<\/li>\n<li>Sel \u0131\u015f\u0131\u011f\u0131n\u0131n arka taraf\u0131ndaki \u00c7oklu Oluk \u015fekli tasar\u0131m\u0131, hava temas alan\u0131n\u0131 artt\u0131r\u0131r ve bu LED \u00e7al\u0131\u015fma lambas\u0131 hizmet \u00f6mr\u00fcn\u00fc 50.000 saate kadar uzatmak i\u00e7in b\u00fcy\u00fck \u0131s\u0131 da\u011f\u0131l\u0131m\u0131 sa\u011flayan \u0131s\u0131 da\u011f\u0131l\u0131m\u0131n\u0131 h\u0131zland\u0131r\u0131r.<\/li>\n<li>Stand ile led projekt\u00f6r\u00fc yere koyabilir veya kulp ile asabilirsiniz. Do\u011frudan g\u00fcce tak\u0131n ve a\u00e7\u0131n, \u0131\u015f\u0131k her zaman a\u00e7\u0131k kalacakt\u0131r. Herhangi bir sorunuz l\u00fctfen bizimle ileti\u015fime ge\u00e7in, bunlar\u0131 24 saat i\u00e7inde \u00e7\u00f6zece\u011fiz.<\/li>\n<\/ul>\n","protected":false},"excerpt":{"rendered":"<p>Karartma: HAYIR<br \/>\nMalzemeler: Al\u00fcminyum<br \/>\nSu ge\u00e7irmez: IP66<br \/>\nWatt: 50W (500W E\u015fde\u011feri)<br \/>\nVoltaj: AC110-240V<br \/>\nRenk s\u0131cakl\u0131\u011f\u0131: Beyaz (6500K)<br \/>\nL\u00fcmen: 5500LM<br \/>\nAyd\u0131nlatma a\u00e7\u0131s\u0131: 120 \u00b0<br \/>\nKablo: 5M\/16.4FT Kablo<\/p>\n","protected":false},"featured_media":13362,"template":"","meta":[],"product_brand":[],"product_cat":[663],"product_tag":[369],"class_list":{"0":"post-7934","1":"product","2":"type-product","3":"status-publish","4":"has-post-thumbnail","6":"product_cat-calisma-lambalari","7":"product_tag-work-light-tr","9":"first","10":"instock","11":"shipping-taxable","12":"product-type-simple"},"yoast_head":"<!-- This site is optimized with the Yoast SEO plugin v27.4 - https:\/\/yoast.com\/product\/yoast-seo-wordpress\/ -->\n<title>Fi\u015f Projekt\u00f6rl\u00fc LED \u00c7al\u0131\u015fma I\u015f\u0131klar\u0131 &#8211; ZHL I\u015f\u0131k Grubu<\/title>\n<meta name=\"description\" content=\"5500LM&#039;ye kadar parlakl\u0131k \u00fcretebilen y\u00fcksek kaliteli \u00e7ipler, uzun \u00f6m\u00fcrl\u00fc LED&#039;lerin asla de\u011fi\u015ftirilmesi gerekmeyecek. 120 dereceye kadar y\u00fcksek kaliteli yans\u0131t\u0131c\u0131 film ve \u0131\u015f\u0131n a\u00e7\u0131s\u0131 daha parlak \u0131\u015f\u0131k sa\u011flar. 500W halojen ampule e\u015fde\u011ferdir ve elektrik faturas\u0131nda &#039;in \u00fczerinde tasarruf sa\u011flar. Projekt\u00f6r \u0131\u015f\u0131\u011f\u0131n\u0131n arka taraf\u0131ndaki \u00c7oklu Oluk \u015fekli tasar\u0131m\u0131, hava temas alan\u0131n\u0131 artt\u0131r\u0131r ve bu LED \u00e7al\u0131\u015fma lambas\u0131 servis \u00f6mr\u00fcn\u00fc uzatmak i\u00e7in b\u00fcy\u00fck \u0131s\u0131 da\u011f\u0131l\u0131m\u0131 sa\u011flayan \u0131s\u0131 da\u011f\u0131l\u0131m\u0131n\u0131 h\u0131zland\u0131r\u0131r. 50.000 saate kadar.\" \/>\n<meta name=\"robots\" content=\"index, follow, max-snippet:-1, max-image-preview:large, max-video-preview:-1\" \/>\n<link rel=\"canonical\" href=\"https:\/\/www.zhgdled.com\/tr\/led-work-lights-with-plug-floodlight.html\" \/>\n<meta property=\"og:locale\" content=\"tr_TR\" \/>\n<meta property=\"og:type\" content=\"article\" \/>\n<meta property=\"og:title\" content=\"Fi\u015f Projekt\u00f6rl\u00fc LED \u00c7al\u0131\u015fma I\u015f\u0131klar\u0131 &#8211; ZHL I\u015f\u0131k Grubu\" \/>\n<meta property=\"og:description\" content=\"5500LM&#039;ye kadar parlakl\u0131k \u00fcretebilen y\u00fcksek kaliteli \u00e7ipler, uzun \u00f6m\u00fcrl\u00fc LED&#039;lerin asla de\u011fi\u015ftirilmesi gerekmeyecek. 120 dereceye kadar y\u00fcksek kaliteli yans\u0131t\u0131c\u0131 film ve \u0131\u015f\u0131n a\u00e7\u0131s\u0131 daha parlak \u0131\u015f\u0131k sa\u011flar. 500W halojen ampule e\u015fde\u011ferdir ve elektrik faturas\u0131nda &#039;in \u00fczerinde tasarruf sa\u011flar. Projekt\u00f6r \u0131\u015f\u0131\u011f\u0131n\u0131n arka taraf\u0131ndaki \u00c7oklu Oluk \u015fekli tasar\u0131m\u0131, hava temas alan\u0131n\u0131 artt\u0131r\u0131r ve bu LED \u00e7al\u0131\u015fma lambas\u0131 servis \u00f6mr\u00fcn\u00fc uzatmak i\u00e7in b\u00fcy\u00fck \u0131s\u0131 da\u011f\u0131l\u0131m\u0131 sa\u011flayan \u0131s\u0131 da\u011f\u0131l\u0131m\u0131n\u0131 h\u0131zland\u0131r\u0131r. 50.000 saate kadar.\" \/>\n<meta property=\"og:url\" content=\"https:\/\/www.zhgdled.com\/tr\/led-work-lights-with-plug-floodlight.html\" \/>\n<meta property=\"og:site_name\" content=\"ZHL I\u015f\u0131k Grubu\" \/>\n<meta property=\"article:publisher\" content=\"https:\/\/www.facebook.com\/zhllightinggroup\" \/>\n<meta property=\"article:modified_time\" content=\"2023-12-28T01:14:45+00:00\" \/>\n<meta property=\"og:image\" content=\"https:\/\/www.zhgdled.com\/wp-content\/uploads\/2022\/07\/9.png\" \/>\n\t<meta property=\"og:image:width\" content=\"1600\" \/>\n\t<meta property=\"og:image:height\" content=\"1600\" \/>\n\t<meta property=\"og:image:type\" content=\"image\/png\" \/>\n<meta name=\"twitter:card\" content=\"summary_large_image\" \/>\n<meta name=\"twitter:site\" content=\"@zhl_lighting\" \/>\n<meta name=\"twitter:label1\" content=\"Tahmini okuma s\u00fcresi\" \/>\n\t<meta name=\"twitter:data1\" content=\"1 dakika\" \/>\n<script type=\"application\/ld+json\" class=\"yoast-schema-graph\">{\"@context\":\"https:\\\/\\\/schema.org\",\"@graph\":[{\"@type\":\"WebPage\",\"@id\":\"https:\\\/\\\/www.zhgdled.com\\\/tr\\\/led-work-lights-with-plug-floodlight.html\",\"url\":\"https:\\\/\\\/www.zhgdled.com\\\/tr\\\/led-work-lights-with-plug-floodlight.html\",\"name\":\"Fi\u015f Projekt\u00f6rl\u00fc LED \u00c7al\u0131\u015fma I\u015f\u0131klar\u0131 &#8211; ZHL I\u015f\u0131k Grubu\",\"isPartOf\":{\"@id\":\"https:\\\/\\\/www.zhgdled.com\\\/tr\\\/#website\"},\"primaryImageOfPage\":{\"@id\":\"https:\\\/\\\/www.zhgdled.com\\\/tr\\\/led-work-lights-with-plug-floodlight.html#primaryimage\"},\"image\":{\"@id\":\"https:\\\/\\\/www.zhgdled.com\\\/tr\\\/led-work-lights-with-plug-floodlight.html#primaryimage\"},\"thumbnailUrl\":\"https:\\\/\\\/www.zhgdled.com\\\/wp-content\\\/uploads\\\/2022\\\/07\\\/9.png\",\"datePublished\":\"2022-07-14T01:10:20+00:00\",\"dateModified\":\"2023-12-28T01:14:45+00:00\",\"description\":\"5500LM'ye kadar parlakl\u0131k \u00fcretebilen y\u00fcksek kaliteli \u00e7ipler, uzun \u00f6m\u00fcrl\u00fc LED'lerin asla de\u011fi\u015ftirilmesi gerekmeyecek. 120 dereceye kadar y\u00fcksek kaliteli yans\u0131t\u0131c\u0131 film ve \u0131\u015f\u0131n a\u00e7\u0131s\u0131 daha parlak \u0131\u015f\u0131k sa\u011flar. 500W halojen ampule e\u015fde\u011ferdir ve elektrik faturas\u0131nda 'in \u00fczerinde tasarruf sa\u011flar. Projekt\u00f6r \u0131\u015f\u0131\u011f\u0131n\u0131n arka taraf\u0131ndaki \u00c7oklu Oluk \u015fekli tasar\u0131m\u0131, hava temas alan\u0131n\u0131 artt\u0131r\u0131r ve bu LED \u00e7al\u0131\u015fma lambas\u0131 servis \u00f6mr\u00fcn\u00fc uzatmak i\u00e7in b\u00fcy\u00fck \u0131s\u0131 da\u011f\u0131l\u0131m\u0131 sa\u011flayan \u0131s\u0131 da\u011f\u0131l\u0131m\u0131n\u0131 h\u0131zland\u0131r\u0131r. 50.000 saate kadar.\",\"breadcrumb\":{\"@id\":\"https:\\\/\\\/www.zhgdled.com\\\/tr\\\/led-work-lights-with-plug-floodlight.html#breadcrumb\"},\"inLanguage\":\"tr\",\"potentialAction\":[{\"@type\":\"ReadAction\",\"target\":[\"https:\\\/\\\/www.zhgdled.com\\\/tr\\\/led-work-lights-with-plug-floodlight.html\"]}]},{\"@type\":\"ImageObject\",\"inLanguage\":\"tr\",\"@id\":\"https:\\\/\\\/www.zhgdled.com\\\/tr\\\/led-work-lights-with-plug-floodlight.html#primaryimage\",\"url\":\"https:\\\/\\\/www.zhgdled.com\\\/wp-content\\\/uploads\\\/2022\\\/07\\\/9.png\",\"contentUrl\":\"https:\\\/\\\/www.zhgdled.com\\\/wp-content\\\/uploads\\\/2022\\\/07\\\/9.png\",\"width\":1600,\"height\":1600,\"caption\":\"luz de trabalho LED\"},{\"@type\":\"BreadcrumbList\",\"@id\":\"https:\\\/\\\/www.zhgdled.com\\\/tr\\\/led-work-lights-with-plug-floodlight.html#breadcrumb\",\"itemListElement\":[{\"@type\":\"ListItem\",\"position\":1,\"name\":\"Home\",\"item\":\"https:\\\/\\\/www.zhgdled.com\\\/tr\"},{\"@type\":\"ListItem\",\"position\":2,\"name\":\"PRODUCTS\",\"item\":\"https:\\\/\\\/www.zhgdled.com\\\/zhl-products.html\"},{\"@type\":\"ListItem\",\"position\":3,\"name\":\"Fi\u015f Projekt\u00f6rl\u00fc LED \u00c7al\u0131\u015fma I\u015f\u0131klar\u0131\"}]},{\"@type\":\"WebSite\",\"@id\":\"https:\\\/\\\/www.zhgdled.com\\\/tr\\\/#website\",\"url\":\"https:\\\/\\\/www.zhgdled.com\\\/tr\\\/\",\"name\":\"ZHL I\u015f\u0131k Grubu\",\"description\":\"Top ranking industrial lighting manufacturer and exporter\",\"publisher\":{\"@id\":\"https:\\\/\\\/www.zhgdled.com\\\/tr\\\/#organization\"},\"potentialAction\":[{\"@type\":\"SearchAction\",\"target\":{\"@type\":\"EntryPoint\",\"urlTemplate\":\"https:\\\/\\\/www.zhgdled.com\\\/tr\\\/?s={search_term_string}\"},\"query-input\":{\"@type\":\"PropertyValueSpecification\",\"valueRequired\":true,\"valueName\":\"search_term_string\"}}],\"inLanguage\":\"tr\"},{\"@type\":\"Organization\",\"@id\":\"https:\\\/\\\/www.zhgdled.com\\\/tr\\\/#organization\",\"name\":\"ZHL Lighting Group\",\"url\":\"https:\\\/\\\/www.zhgdled.com\\\/tr\\\/\",\"logo\":{\"@type\":\"ImageObject\",\"inLanguage\":\"tr\",\"@id\":\"https:\\\/\\\/www.zhgdled.com\\\/tr\\\/#\\\/schema\\\/logo\\\/image\\\/\",\"url\":\"\",\"contentUrl\":\"\",\"caption\":\"ZHL Lighting Group\"},\"image\":{\"@id\":\"https:\\\/\\\/www.zhgdled.com\\\/tr\\\/#\\\/schema\\\/logo\\\/image\\\/\"},\"sameAs\":[\"https:\\\/\\\/www.facebook.com\\\/zhllightinggroup\",\"https:\\\/\\\/x.com\\\/zhl_lighting\"]}]}<\/script>\n<!-- \/ Yoast SEO plugin. -->","yoast_head_json":{"title":"Fi\u015f Projekt\u00f6rl\u00fc LED \u00c7al\u0131\u015fma I\u015f\u0131klar\u0131 &#8211; ZHL I\u015f\u0131k Grubu","description":"5500LM'ye kadar parlakl\u0131k \u00fcretebilen y\u00fcksek kaliteli \u00e7ipler, uzun \u00f6m\u00fcrl\u00fc LED'lerin asla de\u011fi\u015ftirilmesi gerekmeyecek. 120 dereceye kadar y\u00fcksek kaliteli yans\u0131t\u0131c\u0131 film ve \u0131\u015f\u0131n a\u00e7\u0131s\u0131 daha parlak \u0131\u015f\u0131k sa\u011flar. 500W halojen ampule e\u015fde\u011ferdir ve elektrik faturas\u0131nda 'in \u00fczerinde tasarruf sa\u011flar. Projekt\u00f6r \u0131\u015f\u0131\u011f\u0131n\u0131n arka taraf\u0131ndaki \u00c7oklu Oluk \u015fekli tasar\u0131m\u0131, hava temas alan\u0131n\u0131 artt\u0131r\u0131r ve bu LED \u00e7al\u0131\u015fma lambas\u0131 servis \u00f6mr\u00fcn\u00fc uzatmak i\u00e7in b\u00fcy\u00fck \u0131s\u0131 da\u011f\u0131l\u0131m\u0131 sa\u011flayan \u0131s\u0131 da\u011f\u0131l\u0131m\u0131n\u0131 h\u0131zland\u0131r\u0131r. 50.000 saate kadar.","robots":{"index":"index","follow":"follow","max-snippet":"max-snippet:-1","max-image-preview":"max-image-preview:large","max-video-preview":"max-video-preview:-1"},"canonical":"https:\/\/www.zhgdled.com\/tr\/led-work-lights-with-plug-floodlight.html","og_locale":"tr_TR","og_type":"article","og_title":"Fi\u015f Projekt\u00f6rl\u00fc LED \u00c7al\u0131\u015fma I\u015f\u0131klar\u0131 &#8211; ZHL I\u015f\u0131k Grubu","og_description":"5500LM'ye kadar parlakl\u0131k \u00fcretebilen y\u00fcksek kaliteli \u00e7ipler, uzun \u00f6m\u00fcrl\u00fc LED'lerin asla de\u011fi\u015ftirilmesi gerekmeyecek. 120 dereceye kadar y\u00fcksek kaliteli yans\u0131t\u0131c\u0131 film ve \u0131\u015f\u0131n a\u00e7\u0131s\u0131 daha parlak \u0131\u015f\u0131k sa\u011flar. 500W halojen ampule e\u015fde\u011ferdir ve elektrik faturas\u0131nda 'in \u00fczerinde tasarruf sa\u011flar. Projekt\u00f6r \u0131\u015f\u0131\u011f\u0131n\u0131n arka taraf\u0131ndaki \u00c7oklu Oluk \u015fekli tasar\u0131m\u0131, hava temas alan\u0131n\u0131 artt\u0131r\u0131r ve bu LED \u00e7al\u0131\u015fma lambas\u0131 servis \u00f6mr\u00fcn\u00fc uzatmak i\u00e7in b\u00fcy\u00fck \u0131s\u0131 da\u011f\u0131l\u0131m\u0131 sa\u011flayan \u0131s\u0131 da\u011f\u0131l\u0131m\u0131n\u0131 h\u0131zland\u0131r\u0131r. 50.000 saate kadar.","og_url":"https:\/\/www.zhgdled.com\/tr\/led-work-lights-with-plug-floodlight.html","og_site_name":"ZHL I\u015f\u0131k Grubu","article_publisher":"https:\/\/www.facebook.com\/zhllightinggroup","article_modified_time":"2023-12-28T01:14:45+00:00","og_image":[{"width":1600,"height":1600,"url":"https:\/\/www.zhgdled.com\/wp-content\/uploads\/2022\/07\/9.png","type":"image\/png"}],"twitter_card":"summary_large_image","twitter_site":"@zhl_lighting","twitter_misc":{"Tahmini okuma s\u00fcresi":"1 dakika"},"schema":{"@context":"https:\/\/schema.org","@graph":[{"@type":"WebPage","@id":"https:\/\/www.zhgdled.com\/tr\/led-work-lights-with-plug-floodlight.html","url":"https:\/\/www.zhgdled.com\/tr\/led-work-lights-with-plug-floodlight.html","name":"Fi\u015f Projekt\u00f6rl\u00fc LED \u00c7al\u0131\u015fma I\u015f\u0131klar\u0131 &#8211; ZHL I\u015f\u0131k Grubu","isPartOf":{"@id":"https:\/\/www.zhgdled.com\/tr\/#website"},"primaryImageOfPage":{"@id":"https:\/\/www.zhgdled.com\/tr\/led-work-lights-with-plug-floodlight.html#primaryimage"},"image":{"@id":"https:\/\/www.zhgdled.com\/tr\/led-work-lights-with-plug-floodlight.html#primaryimage"},"thumbnailUrl":"https:\/\/www.zhgdled.com\/wp-content\/uploads\/2022\/07\/9.png","datePublished":"2022-07-14T01:10:20+00:00","dateModified":"2023-12-28T01:14:45+00:00","description":"5500LM'ye kadar parlakl\u0131k \u00fcretebilen y\u00fcksek kaliteli \u00e7ipler, uzun \u00f6m\u00fcrl\u00fc LED'lerin asla de\u011fi\u015ftirilmesi gerekmeyecek. 120 dereceye kadar y\u00fcksek kaliteli yans\u0131t\u0131c\u0131 film ve \u0131\u015f\u0131n a\u00e7\u0131s\u0131 daha parlak \u0131\u015f\u0131k sa\u011flar. 500W halojen ampule e\u015fde\u011ferdir ve elektrik faturas\u0131nda 'in \u00fczerinde tasarruf sa\u011flar. Projekt\u00f6r \u0131\u015f\u0131\u011f\u0131n\u0131n arka taraf\u0131ndaki \u00c7oklu Oluk \u015fekli tasar\u0131m\u0131, hava temas alan\u0131n\u0131 artt\u0131r\u0131r ve bu LED \u00e7al\u0131\u015fma lambas\u0131 servis \u00f6mr\u00fcn\u00fc uzatmak i\u00e7in b\u00fcy\u00fck \u0131s\u0131 da\u011f\u0131l\u0131m\u0131 sa\u011flayan \u0131s\u0131 da\u011f\u0131l\u0131m\u0131n\u0131 h\u0131zland\u0131r\u0131r. 50.000 saate kadar.","breadcrumb":{"@id":"https:\/\/www.zhgdled.com\/tr\/led-work-lights-with-plug-floodlight.html#breadcrumb"},"inLanguage":"tr","potentialAction":[{"@type":"ReadAction","target":["https:\/\/www.zhgdled.com\/tr\/led-work-lights-with-plug-floodlight.html"]}]},{"@type":"ImageObject","inLanguage":"tr","@id":"https:\/\/www.zhgdled.com\/tr\/led-work-lights-with-plug-floodlight.html#primaryimage","url":"https:\/\/www.zhgdled.com\/wp-content\/uploads\/2022\/07\/9.png","contentUrl":"https:\/\/www.zhgdled.com\/wp-content\/uploads\/2022\/07\/9.png","width":1600,"height":1600,"caption":"luz de trabalho LED"},{"@type":"BreadcrumbList","@id":"https:\/\/www.zhgdled.com\/tr\/led-work-lights-with-plug-floodlight.html#breadcrumb","itemListElement":[{"@type":"ListItem","position":1,"name":"Home","item":"https:\/\/www.zhgdled.com\/tr"},{"@type":"ListItem","position":2,"name":"PRODUCTS","item":"https:\/\/www.zhgdled.com\/zhl-products.html"},{"@type":"ListItem","position":3,"name":"Fi\u015f Projekt\u00f6rl\u00fc LED \u00c7al\u0131\u015fma I\u015f\u0131klar\u0131"}]},{"@type":"WebSite","@id":"https:\/\/www.zhgdled.com\/tr\/#website","url":"https:\/\/www.zhgdled.com\/tr\/","name":"ZHL I\u015f\u0131k Grubu","description":"Top ranking industrial lighting manufacturer and exporter","publisher":{"@id":"https:\/\/www.zhgdled.com\/tr\/#organization"},"potentialAction":[{"@type":"SearchAction","target":{"@type":"EntryPoint","urlTemplate":"https:\/\/www.zhgdled.com\/tr\/?s={search_term_string}"},"query-input":{"@type":"PropertyValueSpecification","valueRequired":true,"valueName":"search_term_string"}}],"inLanguage":"tr"},{"@type":"Organization","@id":"https:\/\/www.zhgdled.com\/tr\/#organization","name":"ZHL Lighting Group","url":"https:\/\/www.zhgdled.com\/tr\/","logo":{"@type":"ImageObject","inLanguage":"tr","@id":"https:\/\/www.zhgdled.com\/tr\/#\/schema\/logo\/image\/","url":"","contentUrl":"","caption":"ZHL Lighting Group"},"image":{"@id":"https:\/\/www.zhgdled.com\/tr\/#\/schema\/logo\/image\/"},"sameAs":["https:\/\/www.facebook.com\/zhllightinggroup","https:\/\/x.com\/zhl_lighting"]}]}},"_links":{"self":[{"href":"https:\/\/www.zhgdled.com\/tr\/wp-json\/wp\/v2\/product\/7934","targetHints":{"allow":["GET"]}}],"collection":[{"href":"https:\/\/www.zhgdled.com\/tr\/wp-json\/wp\/v2\/product"}],"about":[{"href":"https:\/\/www.zhgdled.com\/tr\/wp-json\/wp\/v2\/types\/product"}],"wp:featuredmedia":[{"embeddable":true,"href":"https:\/\/www.zhgdled.com\/tr\/wp-json\/wp\/v2\/media\/13362"}],"wp:attachment":[{"href":"https:\/\/www.zhgdled.com\/tr\/wp-json\/wp\/v2\/media?parent=7934"}],"wp:term":[{"taxonomy":"product_brand","embeddable":true,"href":"https:\/\/www.zhgdled.com\/tr\/wp-json\/wp\/v2\/product_brand?post=7934"},{"taxonomy":"product_cat","embeddable":true,"href":"https:\/\/www.zhgdled.com\/tr\/wp-json\/wp\/v2\/product_cat?post=7934"},{"taxonomy":"product_tag","embeddable":true,"href":"https:\/\/www.zhgdled.com\/tr\/wp-json\/wp\/v2\/product_tag?post=7934"}],"curies":[{"name":"wp","href":"https:\/\/api.w.org\/{rel}","templated":true}]}}