{"id":13981,"date":"2022-08-10T14:01:36","date_gmt":"2022-08-10T06:01:36","guid":{"rendered":"https:\/\/www.zhgdled.com\/product\/max-series-solar-flood-light"},"modified":"2023-12-25T11:13:52","modified_gmt":"2023-12-25T03:13:52","slug":"max-series-solar-flood-light","status":"publish","type":"product","link":"https:\/\/www.zhgdled.com\/zh-hans\/max-series-solar-flood-light.html","title":{"rendered":"Max\u7cfb\u5217\u592a\u9633\u80fd\u6295\u5149\u706f"},"content":{"rendered":"<h2>\u5206\u4f53\u5f0f\u8bbe\u8ba1\uff0c\u4f4e\u529f\u8017\uff0c\u9002\u5b9c\u4e0d\u540c\u573a\u5408\u7684\u6700\u5927\u5149\u675f\u89d2<\/h2>\n<ul>\n<li>\u591a\u89d2\u5ea6\u8c03\u8282\uff0c\u9002\u5408\u591a\u79cd\u573a\u5408\u5b89\u88c5<\/li>\n<li>18650\u9502\u7535\u6c60\uff0c3.7V\/2AH<\/li>\n<li>\u53ef\u6ee1\u8db3\u4e0d\u540c\u7eac\u5ea6\uff0c\u4e0d\u540c\u5730\u533a\u7684\u5b89\u88c5\u8981\u6c42<\/li>\n<li>\u4e13\u4e1a\u9632\u6c34\u8bbe\u8ba1<\/li>\n<li>\u914d\u7f6e\u7075\u654f\u7a33\u5b9a\u7684PIR\u4f20\u611f\u5668<\/li>\n<\/ul>\n<h2>\u89c4\u683c<\/h2>\n<table>\n<tbody>\n<tr>\n<td width=\"207\">\u529f\u7387<\/td>\n<td width=\"381\">3\u74e6<\/td>\n<\/tr>\n<tr>\n<td width=\"207\">\u8272\u6e29(CCT)<\/td>\n<td width=\"381\">3000K\/4000K\/6500K<\/td>\n<\/tr>\n<tr>\n<td width=\"207\">\u5149\u6548(lm\/w)<\/td>\n<td width=\"381\">125Lm\/W<\/td>\n<\/tr>\n<tr>\n<td width=\"207\">\u8f93\u5165\u7535\u538b(V)<\/td>\n<td width=\"381\">DC3.7V<\/td>\n<\/tr>\n<tr>\n<td width=\"207\">\u529f\u7387\u56e0\u7d20\uff08PF\uff09<\/td>\n<td width=\"381\">&gt;0.9<\/td>\n<\/tr>\n<tr>\n<td width=\"207\">\u663e\u6307 (Ra)<\/td>\n<td width=\"381\">&gt;80<\/td>\n<\/tr>\n<tr>\n<td width=\"207\">\u5149\u675f\u89d2(\u00b0)<\/td>\n<td width=\"381\">120<\/td>\n<\/tr>\n<tr>\n<td width=\"207\">\u9632\u6c34\u7b49\u7ea7<\/td>\n<td width=\"381\">IP44<\/td>\n<\/tr>\n<tr>\n<td width=\"207\">\u6750\u8d28<\/td>\n<td width=\"381\">\u94dd\u5408\u91d1\u673a\u8eab + PC\u00a0\u955c\u9762<\/td>\n<\/tr>\n<tr>\n<td width=\"207\">\u5de5\u4f5c\u6e29\u5ea6(\u2103)<\/td>\n<td width=\"381\">-20-+50<\/td>\n<\/tr>\n<tr>\n<td width=\"207\">\u7167\u5c04\u8ddd\u79bb:<\/td>\n<td width=\"381\">8M<\/td>\n<\/tr>\n<tr>\n<td width=\"207\">\u8ba4\u8bc1<\/td>\n<td width=\"381\">ETL, DLC, FCC, CB<\/td>\n<\/tr>\n<\/tbody>\n<\/table>\n","protected":false},"excerpt":{"rendered":"<p>Max \u7cfb\u5217 LED \u592a\u9633\u80fd\u6cdb\u5149\u706f\u662f\u4e00\u79cd\u5206\u4f53\u5f0f\u8bbe\u8ba1\u3001\u4f4e\u529f\u8017\u7684\u6237\u5916\u7167\u660e\u706f\u5177\u3002 \u5b83\u5177\u6709\u9002\u7528\u4e8e\u4e0d\u540c\u573a\u5408\u7684\u6700\u5927\u5149\u675f\u89d2\u3002<\/p>\n<table>\n<tbody>\n<tr>\n<td width=\"207\">\u529f\u7387<\/td>\n<td width=\"381\">3\u74e6<\/td>\n<\/tr>\n<tr>\n<td width=\"207\">\u8272\u6e29(CCT)<\/td>\n<td width=\"381\">3000K\/4000K\/6500K<\/td>\n<\/tr>\n<tr>\n<td width=\"207\">\u5149\u6548(lm\/w)<\/td>\n<td width=\"381\">125Lm\/W<\/td>\n<\/tr>\n<tr>\n<td width=\"207\">\u8f93\u5165\u7535\u538b(V)<\/td>\n<td width=\"381\">DC3.7V<\/td>\n<\/tr>\n<tr>\n<td width=\"207\">\u529f\u7387\u56e0\u7d20\uff08PF\uff09<\/td>\n<td width=\"381\">&gt;0.9<\/td>\n<\/tr>\n<tr>\n<td width=\"207\">\u663e\u6307 (Ra)<\/td>\n<td width=\"381\">&gt;80<\/td>\n<\/tr>\n<tr>\n<td width=\"207\">\u5149\u675f\u89d2(\u00b0)<\/td>\n<td width=\"381\">120<\/td>\n<\/tr>\n<tr>\n<td width=\"207\">\u9632\u6c34\u7b49\u7ea7<\/td>\n<td width=\"381\">IP44<\/td>\n<\/tr>\n<tr>\n<td width=\"207\">\u6750\u8d28<\/td>\n<td width=\"381\">\u94dd\u5408\u91d1\u673a\u8eab + PC\u00a0\u955c\u9762<\/td>\n<\/tr>\n<tr>\n<td width=\"207\">\u5de5\u4f5c\u6e29\u5ea6(\u2103)<\/td>\n<td width=\"381\">-20-+50<\/td>\n<\/tr>\n<tr>\n<td width=\"207\">\u7167\u5c04\u8ddd\u79bb:<\/td>\n<td width=\"381\">8M<\/td>\n<\/tr>\n<tr>\n<td width=\"207\">\u8ba4\u8bc1<\/td>\n<td width=\"381\">ETL, DLC, FCC, CB<\/td>\n<\/tr>\n<\/tbody>\n<\/table>\n","protected":false},"featured_media":13938,"template":"","meta":[],"product_brand":[],"product_cat":[623],"product_tag":[433],"class_list":{"0":"post-13981","1":"product","2":"type-product","3":"status-publish","4":"has-post-thumbnail","6":"product_cat-623","7":"product_tag-solar-flood-light-zh-hans","9":"first","10":"instock","11":"shipping-taxable","12":"product-type-simple"},"yoast_head":"<!-- This site is optimized with the Yoast SEO plugin v27.4 - https:\/\/yoast.com\/product\/yoast-seo-wordpress\/ -->\n<title>Max\u7cfb\u5217\u592a\u9633\u80fd\u6295\u5149\u706f &#8211; \u4f17\u6052\u5149\u7535<\/title>\n<meta name=\"description\" content=\"Max \u7cfb\u5217 LED \u592a\u9633\u80fd\u6cdb\u5149\u706f\u662f\u4e00\u79cd\u5206\u4f53\u5f0f\u8bbe\u8ba1\u3001\u4f4e\u529f\u8017\u7684\u6237\u5916\u7167\u660e\u706f\u5177\u3002 \u5b83\u5177\u6709\u9002\u7528\u4e8e\u4e0d\u540c\u573a\u5408\u7684\u6700\u5927\u5149\u675f\u89d2\u3002\" \/>\n<meta name=\"robots\" content=\"index, follow, max-snippet:-1, max-image-preview:large, max-video-preview:-1\" \/>\n<link rel=\"canonical\" href=\"https:\/\/www.zhgdled.com\/zh-hans\/max-series-solar-flood-light.html\" \/>\n<meta property=\"og:locale\" content=\"zh_CN\" \/>\n<meta property=\"og:type\" content=\"article\" \/>\n<meta property=\"og:title\" content=\"Max\u7cfb\u5217\u592a\u9633\u80fd\u6295\u5149\u706f &#8211; \u4f17\u6052\u5149\u7535\" \/>\n<meta property=\"og:description\" content=\"Max \u7cfb\u5217 LED \u592a\u9633\u80fd\u6cdb\u5149\u706f\u662f\u4e00\u79cd\u5206\u4f53\u5f0f\u8bbe\u8ba1\u3001\u4f4e\u529f\u8017\u7684\u6237\u5916\u7167\u660e\u706f\u5177\u3002 \u5b83\u5177\u6709\u9002\u7528\u4e8e\u4e0d\u540c\u573a\u5408\u7684\u6700\u5927\u5149\u675f\u89d2\u3002\" \/>\n<meta property=\"og:url\" content=\"https:\/\/www.zhgdled.com\/zh-hans\/max-series-solar-flood-light.html\" \/>\n<meta property=\"og:site_name\" content=\"\u4f17\u6052\u5149\u7535\" \/>\n<meta property=\"article:publisher\" content=\"https:\/\/www.facebook.com\/zhllightinggroup\" \/>\n<meta property=\"article:modified_time\" content=\"2023-12-25T03:13:52+00:00\" \/>\n<meta property=\"og:image\" content=\"https:\/\/www.zhgdled.com\/wp-content\/uploads\/2022\/08\/0.png\" \/>\n\t<meta property=\"og:image:width\" content=\"1600\" \/>\n\t<meta property=\"og:image:height\" content=\"1600\" \/>\n\t<meta property=\"og:image:type\" content=\"image\/png\" \/>\n<meta name=\"twitter:card\" content=\"summary_large_image\" \/>\n<meta name=\"twitter:site\" content=\"@zhl_lighting\" \/>\n<meta name=\"twitter:label1\" content=\"\u9884\u8ba1\u9605\u8bfb\u65f6\u95f4\" \/>\n\t<meta name=\"twitter:data1\" content=\"1 \u5206\" \/>\n<script type=\"application\/ld+json\" class=\"yoast-schema-graph\">{\"@context\":\"https:\\\/\\\/schema.org\",\"@graph\":[{\"@type\":\"WebPage\",\"@id\":\"https:\\\/\\\/www.zhgdled.com\\\/zh-hans\\\/max-series-solar-flood-light.html\",\"url\":\"https:\\\/\\\/www.zhgdled.com\\\/zh-hans\\\/max-series-solar-flood-light.html\",\"name\":\"Max\u7cfb\u5217\u592a\u9633\u80fd\u6295\u5149\u706f &#8211; \u4f17\u6052\u5149\u7535\",\"isPartOf\":{\"@id\":\"https:\\\/\\\/www.zhgdled.com\\\/zh-hans\\\/#website\"},\"primaryImageOfPage\":{\"@id\":\"https:\\\/\\\/www.zhgdled.com\\\/zh-hans\\\/max-series-solar-flood-light.html#primaryimage\"},\"image\":{\"@id\":\"https:\\\/\\\/www.zhgdled.com\\\/zh-hans\\\/max-series-solar-flood-light.html#primaryimage\"},\"thumbnailUrl\":\"https:\\\/\\\/www.zhgdled.com\\\/wp-content\\\/uploads\\\/2022\\\/08\\\/0.png\",\"datePublished\":\"2022-08-10T06:01:36+00:00\",\"dateModified\":\"2023-12-25T03:13:52+00:00\",\"description\":\"Max \u7cfb\u5217 LED \u592a\u9633\u80fd\u6cdb\u5149\u706f\u662f\u4e00\u79cd\u5206\u4f53\u5f0f\u8bbe\u8ba1\u3001\u4f4e\u529f\u8017\u7684\u6237\u5916\u7167\u660e\u706f\u5177\u3002 \u5b83\u5177\u6709\u9002\u7528\u4e8e\u4e0d\u540c\u573a\u5408\u7684\u6700\u5927\u5149\u675f\u89d2\u3002\",\"breadcrumb\":{\"@id\":\"https:\\\/\\\/www.zhgdled.com\\\/zh-hans\\\/max-series-solar-flood-light.html#breadcrumb\"},\"inLanguage\":\"zh-Hans\",\"potentialAction\":[{\"@type\":\"ReadAction\",\"target\":[\"https:\\\/\\\/www.zhgdled.com\\\/zh-hans\\\/max-series-solar-flood-light.html\"]}]},{\"@type\":\"ImageObject\",\"inLanguage\":\"zh-Hans\",\"@id\":\"https:\\\/\\\/www.zhgdled.com\\\/zh-hans\\\/max-series-solar-flood-light.html#primaryimage\",\"url\":\"https:\\\/\\\/www.zhgdled.com\\\/wp-content\\\/uploads\\\/2022\\\/08\\\/0.png\",\"contentUrl\":\"https:\\\/\\\/www.zhgdled.com\\\/wp-content\\\/uploads\\\/2022\\\/08\\\/0.png\",\"width\":1600,\"height\":1600,\"caption\":\"luz de inunda\u00e7\u00e3o solar da s\u00e9rie max\"},{\"@type\":\"BreadcrumbList\",\"@id\":\"https:\\\/\\\/www.zhgdled.com\\\/zh-hans\\\/max-series-solar-flood-light.html#breadcrumb\",\"itemListElement\":[{\"@type\":\"ListItem\",\"position\":1,\"name\":\"Home\",\"item\":\"https:\\\/\\\/www.zhgdled.com\\\/zh-hans\"},{\"@type\":\"ListItem\",\"position\":2,\"name\":\"PRODUCTS\",\"item\":\"https:\\\/\\\/www.zhgdled.com\\\/zhl-products.html\"},{\"@type\":\"ListItem\",\"position\":3,\"name\":\"Max\u7cfb\u5217\u592a\u9633\u80fd\u6295\u5149\u706f\"}]},{\"@type\":\"WebSite\",\"@id\":\"https:\\\/\\\/www.zhgdled.com\\\/zh-hans\\\/#website\",\"url\":\"https:\\\/\\\/www.zhgdled.com\\\/zh-hans\\\/\",\"name\":\"\u4f17\u6052\u5149\u7535\",\"description\":\"Top ranking industrial lighting manufacturer and exporter\",\"publisher\":{\"@id\":\"https:\\\/\\\/www.zhgdled.com\\\/zh-hans\\\/#organization\"},\"potentialAction\":[{\"@type\":\"SearchAction\",\"target\":{\"@type\":\"EntryPoint\",\"urlTemplate\":\"https:\\\/\\\/www.zhgdled.com\\\/zh-hans\\\/?s={search_term_string}\"},\"query-input\":{\"@type\":\"PropertyValueSpecification\",\"valueRequired\":true,\"valueName\":\"search_term_string\"}}],\"inLanguage\":\"zh-Hans\"},{\"@type\":\"Organization\",\"@id\":\"https:\\\/\\\/www.zhgdled.com\\\/zh-hans\\\/#organization\",\"name\":\"ZHL Lighting Group\",\"url\":\"https:\\\/\\\/www.zhgdled.com\\\/zh-hans\\\/\",\"logo\":{\"@type\":\"ImageObject\",\"inLanguage\":\"zh-Hans\",\"@id\":\"https:\\\/\\\/www.zhgdled.com\\\/zh-hans\\\/#\\\/schema\\\/logo\\\/image\\\/\",\"url\":\"\",\"contentUrl\":\"\",\"caption\":\"ZHL Lighting Group\"},\"image\":{\"@id\":\"https:\\\/\\\/www.zhgdled.com\\\/zh-hans\\\/#\\\/schema\\\/logo\\\/image\\\/\"},\"sameAs\":[\"https:\\\/\\\/www.facebook.com\\\/zhllightinggroup\",\"https:\\\/\\\/x.com\\\/zhl_lighting\"]}]}<\/script>\n<!-- \/ Yoast SEO plugin. -->","yoast_head_json":{"title":"Max\u7cfb\u5217\u592a\u9633\u80fd\u6295\u5149\u706f &#8211; \u4f17\u6052\u5149\u7535","description":"Max \u7cfb\u5217 LED \u592a\u9633\u80fd\u6cdb\u5149\u706f\u662f\u4e00\u79cd\u5206\u4f53\u5f0f\u8bbe\u8ba1\u3001\u4f4e\u529f\u8017\u7684\u6237\u5916\u7167\u660e\u706f\u5177\u3002 \u5b83\u5177\u6709\u9002\u7528\u4e8e\u4e0d\u540c\u573a\u5408\u7684\u6700\u5927\u5149\u675f\u89d2\u3002","robots":{"index":"index","follow":"follow","max-snippet":"max-snippet:-1","max-image-preview":"max-image-preview:large","max-video-preview":"max-video-preview:-1"},"canonical":"https:\/\/www.zhgdled.com\/zh-hans\/max-series-solar-flood-light.html","og_locale":"zh_CN","og_type":"article","og_title":"Max\u7cfb\u5217\u592a\u9633\u80fd\u6295\u5149\u706f &#8211; \u4f17\u6052\u5149\u7535","og_description":"Max \u7cfb\u5217 LED \u592a\u9633\u80fd\u6cdb\u5149\u706f\u662f\u4e00\u79cd\u5206\u4f53\u5f0f\u8bbe\u8ba1\u3001\u4f4e\u529f\u8017\u7684\u6237\u5916\u7167\u660e\u706f\u5177\u3002 \u5b83\u5177\u6709\u9002\u7528\u4e8e\u4e0d\u540c\u573a\u5408\u7684\u6700\u5927\u5149\u675f\u89d2\u3002","og_url":"https:\/\/www.zhgdled.com\/zh-hans\/max-series-solar-flood-light.html","og_site_name":"\u4f17\u6052\u5149\u7535","article_publisher":"https:\/\/www.facebook.com\/zhllightinggroup","article_modified_time":"2023-12-25T03:13:52+00:00","og_image":[{"width":1600,"height":1600,"url":"https:\/\/www.zhgdled.com\/wp-content\/uploads\/2022\/08\/0.png","type":"image\/png"}],"twitter_card":"summary_large_image","twitter_site":"@zhl_lighting","twitter_misc":{"\u9884\u8ba1\u9605\u8bfb\u65f6\u95f4":"1 \u5206"},"schema":{"@context":"https:\/\/schema.org","@graph":[{"@type":"WebPage","@id":"https:\/\/www.zhgdled.com\/zh-hans\/max-series-solar-flood-light.html","url":"https:\/\/www.zhgdled.com\/zh-hans\/max-series-solar-flood-light.html","name":"Max\u7cfb\u5217\u592a\u9633\u80fd\u6295\u5149\u706f &#8211; \u4f17\u6052\u5149\u7535","isPartOf":{"@id":"https:\/\/www.zhgdled.com\/zh-hans\/#website"},"primaryImageOfPage":{"@id":"https:\/\/www.zhgdled.com\/zh-hans\/max-series-solar-flood-light.html#primaryimage"},"image":{"@id":"https:\/\/www.zhgdled.com\/zh-hans\/max-series-solar-flood-light.html#primaryimage"},"thumbnailUrl":"https:\/\/www.zhgdled.com\/wp-content\/uploads\/2022\/08\/0.png","datePublished":"2022-08-10T06:01:36+00:00","dateModified":"2023-12-25T03:13:52+00:00","description":"Max \u7cfb\u5217 LED \u592a\u9633\u80fd\u6cdb\u5149\u706f\u662f\u4e00\u79cd\u5206\u4f53\u5f0f\u8bbe\u8ba1\u3001\u4f4e\u529f\u8017\u7684\u6237\u5916\u7167\u660e\u706f\u5177\u3002 \u5b83\u5177\u6709\u9002\u7528\u4e8e\u4e0d\u540c\u573a\u5408\u7684\u6700\u5927\u5149\u675f\u89d2\u3002","breadcrumb":{"@id":"https:\/\/www.zhgdled.com\/zh-hans\/max-series-solar-flood-light.html#breadcrumb"},"inLanguage":"zh-Hans","potentialAction":[{"@type":"ReadAction","target":["https:\/\/www.zhgdled.com\/zh-hans\/max-series-solar-flood-light.html"]}]},{"@type":"ImageObject","inLanguage":"zh-Hans","@id":"https:\/\/www.zhgdled.com\/zh-hans\/max-series-solar-flood-light.html#primaryimage","url":"https:\/\/www.zhgdled.com\/wp-content\/uploads\/2022\/08\/0.png","contentUrl":"https:\/\/www.zhgdled.com\/wp-content\/uploads\/2022\/08\/0.png","width":1600,"height":1600,"caption":"luz de inunda\u00e7\u00e3o solar da s\u00e9rie max"},{"@type":"BreadcrumbList","@id":"https:\/\/www.zhgdled.com\/zh-hans\/max-series-solar-flood-light.html#breadcrumb","itemListElement":[{"@type":"ListItem","position":1,"name":"Home","item":"https:\/\/www.zhgdled.com\/zh-hans"},{"@type":"ListItem","position":2,"name":"PRODUCTS","item":"https:\/\/www.zhgdled.com\/zhl-products.html"},{"@type":"ListItem","position":3,"name":"Max\u7cfb\u5217\u592a\u9633\u80fd\u6295\u5149\u706f"}]},{"@type":"WebSite","@id":"https:\/\/www.zhgdled.com\/zh-hans\/#website","url":"https:\/\/www.zhgdled.com\/zh-hans\/","name":"\u4f17\u6052\u5149\u7535","description":"Top ranking industrial lighting manufacturer and exporter","publisher":{"@id":"https:\/\/www.zhgdled.com\/zh-hans\/#organization"},"potentialAction":[{"@type":"SearchAction","target":{"@type":"EntryPoint","urlTemplate":"https:\/\/www.zhgdled.com\/zh-hans\/?s={search_term_string}"},"query-input":{"@type":"PropertyValueSpecification","valueRequired":true,"valueName":"search_term_string"}}],"inLanguage":"zh-Hans"},{"@type":"Organization","@id":"https:\/\/www.zhgdled.com\/zh-hans\/#organization","name":"ZHL Lighting Group","url":"https:\/\/www.zhgdled.com\/zh-hans\/","logo":{"@type":"ImageObject","inLanguage":"zh-Hans","@id":"https:\/\/www.zhgdled.com\/zh-hans\/#\/schema\/logo\/image\/","url":"","contentUrl":"","caption":"ZHL Lighting Group"},"image":{"@id":"https:\/\/www.zhgdled.com\/zh-hans\/#\/schema\/logo\/image\/"},"sameAs":["https:\/\/www.facebook.com\/zhllightinggroup","https:\/\/x.com\/zhl_lighting"]}]}},"_links":{"self":[{"href":"https:\/\/www.zhgdled.com\/zh-hans\/wp-json\/wp\/v2\/product\/13981","targetHints":{"allow":["GET"]}}],"collection":[{"href":"https:\/\/www.zhgdled.com\/zh-hans\/wp-json\/wp\/v2\/product"}],"about":[{"href":"https:\/\/www.zhgdled.com\/zh-hans\/wp-json\/wp\/v2\/types\/product"}],"wp:featuredmedia":[{"embeddable":true,"href":"https:\/\/www.zhgdled.com\/zh-hans\/wp-json\/wp\/v2\/media\/13938"}],"wp:attachment":[{"href":"https:\/\/www.zhgdled.com\/zh-hans\/wp-json\/wp\/v2\/media?parent=13981"}],"wp:term":[{"taxonomy":"product_brand","embeddable":true,"href":"https:\/\/www.zhgdled.com\/zh-hans\/wp-json\/wp\/v2\/product_brand?post=13981"},{"taxonomy":"product_cat","embeddable":true,"href":"https:\/\/www.zhgdled.com\/zh-hans\/wp-json\/wp\/v2\/product_cat?post=13981"},{"taxonomy":"product_tag","embeddable":true,"href":"https:\/\/www.zhgdled.com\/zh-hans\/wp-json\/wp\/v2\/product_tag?post=13981"}],"curies":[{"name":"wp","href":"https:\/\/api.w.org\/{rel}","templated":true}]}}