{"id":23102,"date":"2023-10-25T15:23:08","date_gmt":"2023-10-25T07:23:08","guid":{"rendered":"https:\/\/www.zhgdled.com\/product\/hi-sea-series-led-flood-light"},"modified":"2023-10-26T09:25:09","modified_gmt":"2023-10-26T01:25:09","slug":"hi-sea-series-led-flood-light","status":"publish","type":"product","link":"https:\/\/www.zhgdled.com\/zh-hans\/hi-sea-series-led-flood-light.html","title":{"rendered":"\u77f3\u58a8\u70ef\u6750\u8d28LED\u6295\u5149\u706f"},"content":{"rendered":"<h2><span style=\"color: #ff6600;\">\u4e16\u754c\u9996\u6b3e\u77f3\u58a8\u70ef\u6750\u6599\u5236\u6210\u7684\u6cdb\u5149\u706f\u4ea7\u54c1<\/span><\/h2>\n<ul>\n<li>\u5916\u58f3\u91c7\u7528\u77f3\u58a8\u70ef\u9ad8\u5bfc\u70ed\u590d\u5408\u6750\u6599\u3002<\/li>\n<li>\u6563\u70ed\u80fd\u529b\u5f3a<\/li>\n<li>\u884c\u4e1a\u8282\u80fd\u73af\u4fdd\u7406\u5ff5\u3002<\/li>\n<\/ul>\n<p>\u77f3\u58a8\u70ef\u9ad8\u5bfc\u70ed\u590d\u5408\u6750\u6599\uff0c\u5bfc\u70ed\u6027\u80fd\u5f3a\uff0c\u8010\u8150\u8680\uff0c\u6297\u7d2b\u5916\u7ebf\u3002\u706f\u4f53\u91c7\u7528\u56fa\u4f53\u77f3\u58a8\u70ef\u6750\u6599\uff0c\u901a\u8fc7\u6a21\u5177\u6a21\u538b\u6210\u578b\u3002 \u771f\u6b63\u73af\u4fdd\u7684\u751f\u4ea7\u5de5\u827a\uff0c\u65e0\u55b7\u6f06\u6216\u7c89\u672b\u55b7\u6d82\u5de5\u827a\u3002\u65b0\u4e00\u4ee3LED\u5149\u6e90\u3002 \u6bd4\u4f20\u7edf\u706f\u5177\u66f4\u8282\u80fd\u3002\u4e00\u4f53\u5316\u900f\u955c\uff0cZHL\u63a5\u53d7\u53d1\u5149\u89d2\u5ea6\u5b9a\u5236\u3002\u9053\u8def\u3001\u5929\u6865\u3001\u5e7f\u573a\u3001\u666f\u89c2\u3001\u770b\u53f0\u3001\u505c\u8f66\u573a\u3001\u5ead\u9662\u7b49\u7684\u7406\u60f3\u89e3\u51b3\u65b9\u6848\u3002<\/p>\n<p>&nbsp;<\/p>\n<p><img decoding=\"async\" class=\"alignnone size-full wp-image-14376\" src=\"https:\/\/www.zhgdled.com\/wp-content\/uploads\/2022\/09\/20220920150605.jpg\" alt=\"\" width=\"1108\" height=\"231\" srcset=\"https:\/\/www.zhgdled.com\/wp-content\/uploads\/2022\/09\/20220920150605.jpg 1108w, https:\/\/www.zhgdled.com\/wp-content\/uploads\/2022\/09\/20220920150605-300x63.jpg 300w, https:\/\/www.zhgdled.com\/wp-content\/uploads\/2022\/09\/20220920150605-1024x213.jpg 1024w, https:\/\/www.zhgdled.com\/wp-content\/uploads\/2022\/09\/20220920150605-768x160.jpg 768w, https:\/\/www.zhgdled.com\/wp-content\/uploads\/2022\/09\/20220920150605-600x125.jpg 600w, https:\/\/www.zhgdled.com\/wp-content\/uploads\/2022\/09\/20220920150605-150x31.jpg 150w\" sizes=\"(max-width: 1108px) 100vw, 1108px\" \/><\/p>\n<p>&nbsp;<\/p>\n<h2><span style=\"color: #ff6600;\">\u53c2\u6570<\/span><\/h2>\n<table>\n<tbody>\n<tr>\n<td width=\"284\">\u529f\u7387<\/td>\n<td width=\"284\">10W\/20W\/30W\/50W\/70W\/100W\/120W<\/td>\n<\/tr>\n<tr>\n<td width=\"284\">\u8f93\u5165\u7535\u538b<\/td>\n<td width=\"284\">AC90-305V, 50-60Hz<\/td>\n<\/tr>\n<tr>\n<td width=\"284\">\u5149\u6548<\/td>\n<td width=\"284\">120lm\/w<\/td>\n<\/tr>\n<tr>\n<td width=\"284\">CRI:<\/td>\n<td width=\"284\">80Ra<\/td>\n<\/tr>\n<tr>\n<td width=\"284\">PF:<\/td>\n<td width=\"284\">&gt;0.9<\/td>\n<\/tr>\n<tr>\n<td width=\"284\">\u5bff\u547d<\/td>\n<td width=\"284\">50,000\u5c0f\u65f6<\/td>\n<\/tr>\n<\/tbody>\n<\/table>\n<p>&nbsp;<\/p>\n","protected":false},"excerpt":{"rendered":"<ul>\n<li>\u5916\u58f3\u91c7\u7528\u77f3\u58a8\u70ef\u9ad8\u5bfc\u70ed\u590d\u5408\u6750\u6599\u3002<\/li>\n<li>\u6563\u70ed\u80fd\u529b\u5f3a<\/li>\n<li>\u884c\u4e1a\u8282\u80fd\u73af\u4fdd\u7406\u5ff5\u3002<\/li>\n<\/ul>\n<table style=\"border-collapse: collapse; width: 473px; height: 159px;\" border=\"0\" width=\"459\" cellspacing=\"0\" cellpadding=\"0\">\n<tbody>\n<tr style=\"height: 14.25pt;\">\n<td style=\"height: 14.25pt; width: 344.25pt;\" width=\"459\" height=\"19\">\u529f\u7387: 10W\/20W\/30W\/50W\/70W\/100W\/120W<\/td>\n<\/tr>\n<tr style=\"height: 14.25pt;\">\n<td style=\"height: 14.25pt;\" height=\"19\">\u8f93\u5165\u7535\u538b: AC90-305V, 50-60Hz<\/td>\n<\/tr>\n<tr style=\"height: 14.25pt;\">\n<td style=\"height: 14.25pt;\" height=\"19\">\u5149\u6548: 120lm\/w<\/td>\n<\/tr>\n<tr style=\"height: 14.25pt;\">\n<td style=\"height: 14.25pt;\" height=\"19\">CRI: &gt;80<\/td>\n<\/tr>\n<tr style=\"height: 14.25pt;\">\n<td style=\"height: 14.25pt;\" height=\"19\">PF: &gt;0.9<\/td>\n<\/tr>\n<tr style=\"height: 14.25pt;\">\n<td style=\"height: 14.25pt;\" height=\"19\">\u5bff\u547d: 50,000 Hours<\/td>\n<\/tr>\n<\/tbody>\n<\/table>\n","protected":false},"featured_media":14387,"template":"","meta":[],"product_brand":[],"product_cat":[610],"product_tag":[],"class_list":{"0":"post-23102","1":"product","2":"type-product","3":"status-publish","4":"has-post-thumbnail","6":"product_cat-led-flood-light-zh-hans-2","8":"first","9":"instock","10":"shipping-taxable","11":"product-type-simple"},"yoast_head":"<!-- This site is optimized with the Yoast SEO plugin v27.4 - https:\/\/yoast.com\/product\/yoast-seo-wordpress\/ -->\n<title>\u77f3\u58a8\u70ef\u6750\u8d28LED\u6295\u5149\u706f &#8211; \u4f17\u6052\u5149\u7535<\/title>\n<meta name=\"description\" content=\"\u6765\u770b\u4e16\u754c\u6536\u6b3e\u77f3\u58a8\u70ef\u5236\u6210\u7684LED\u6295\u5149\u706f\u4ea7\u54c1\uff0c\u65e9\u57282013\u5e74\uff0cZHL\u5c31\u5df2\u7ecf\u5f00\u59cb\u7814\u7a76\u77f3\u58a8\u70ef\u7684\u6750\u6599\u8fd0\u7528\u4e8e\u5de5\u4e1a\u7167\u660e\u9886\u57df\u3002\" \/>\n<meta name=\"robots\" content=\"index, follow, max-snippet:-1, max-image-preview:large, max-video-preview:-1\" \/>\n<link rel=\"canonical\" href=\"https:\/\/www.zhgdled.com\/zh-hans\/hi-sea-series-led-flood-light.html\" \/>\n<meta property=\"og:locale\" content=\"zh_CN\" \/>\n<meta property=\"og:type\" content=\"article\" \/>\n<meta property=\"og:title\" content=\"\u77f3\u58a8\u70ef\u6750\u8d28LED\u6295\u5149\u706f &#8211; \u4f17\u6052\u5149\u7535\" \/>\n<meta property=\"og:description\" content=\"\u6765\u770b\u4e16\u754c\u6536\u6b3e\u77f3\u58a8\u70ef\u5236\u6210\u7684LED\u6295\u5149\u706f\u4ea7\u54c1\uff0c\u65e9\u57282013\u5e74\uff0cZHL\u5c31\u5df2\u7ecf\u5f00\u59cb\u7814\u7a76\u77f3\u58a8\u70ef\u7684\u6750\u6599\u8fd0\u7528\u4e8e\u5de5\u4e1a\u7167\u660e\u9886\u57df\u3002\" \/>\n<meta property=\"og:url\" content=\"https:\/\/www.zhgdled.com\/zh-hans\/hi-sea-series-led-flood-light.html\" \/>\n<meta property=\"og:site_name\" content=\"\u4f17\u6052\u5149\u7535\" \/>\n<meta property=\"article:publisher\" content=\"https:\/\/www.facebook.com\/zhllightinggroup\" \/>\n<meta property=\"article:modified_time\" content=\"2023-10-26T01:25:09+00:00\" \/>\n<meta property=\"og:image\" content=\"https:\/\/www.zhgdled.com\/wp-content\/uploads\/2022\/09\/hi-sea-flood-light.png\" \/>\n\t<meta property=\"og:image:width\" content=\"1600\" \/>\n\t<meta property=\"og:image:height\" content=\"1600\" \/>\n\t<meta property=\"og:image:type\" content=\"image\/png\" \/>\n<meta name=\"twitter:card\" content=\"summary_large_image\" \/>\n<meta name=\"twitter:site\" content=\"@zhl_lighting\" \/>\n<meta name=\"twitter:label1\" content=\"\u9884\u8ba1\u9605\u8bfb\u65f6\u95f4\" \/>\n\t<meta name=\"twitter:data1\" content=\"1 \u5206\" \/>\n<script type=\"application\/ld+json\" class=\"yoast-schema-graph\">{\"@context\":\"https:\\\/\\\/schema.org\",\"@graph\":[{\"@type\":\"WebPage\",\"@id\":\"https:\\\/\\\/www.zhgdled.com\\\/zh-hans\\\/hi-sea-series-led-flood-light.html\",\"url\":\"https:\\\/\\\/www.zhgdled.com\\\/zh-hans\\\/hi-sea-series-led-flood-light.html\",\"name\":\"\u77f3\u58a8\u70ef\u6750\u8d28LED\u6295\u5149\u706f &#8211; \u4f17\u6052\u5149\u7535\",\"isPartOf\":{\"@id\":\"https:\\\/\\\/www.zhgdled.com\\\/zh-hans\\\/#website\"},\"primaryImageOfPage\":{\"@id\":\"https:\\\/\\\/www.zhgdled.com\\\/zh-hans\\\/hi-sea-series-led-flood-light.html#primaryimage\"},\"image\":{\"@id\":\"https:\\\/\\\/www.zhgdled.com\\\/zh-hans\\\/hi-sea-series-led-flood-light.html#primaryimage\"},\"thumbnailUrl\":\"https:\\\/\\\/www.zhgdled.com\\\/wp-content\\\/uploads\\\/2022\\\/09\\\/hi-sea-flood-light.png\",\"datePublished\":\"2023-10-25T07:23:08+00:00\",\"dateModified\":\"2023-10-26T01:25:09+00:00\",\"description\":\"\u6765\u770b\u4e16\u754c\u6536\u6b3e\u77f3\u58a8\u70ef\u5236\u6210\u7684LED\u6295\u5149\u706f\u4ea7\u54c1\uff0c\u65e9\u57282013\u5e74\uff0cZHL\u5c31\u5df2\u7ecf\u5f00\u59cb\u7814\u7a76\u77f3\u58a8\u70ef\u7684\u6750\u6599\u8fd0\u7528\u4e8e\u5de5\u4e1a\u7167\u660e\u9886\u57df\u3002\",\"breadcrumb\":{\"@id\":\"https:\\\/\\\/www.zhgdled.com\\\/zh-hans\\\/hi-sea-series-led-flood-light.html#breadcrumb\"},\"inLanguage\":\"zh-Hans\",\"potentialAction\":[{\"@type\":\"ReadAction\",\"target\":[\"https:\\\/\\\/www.zhgdled.com\\\/zh-hans\\\/hi-sea-series-led-flood-light.html\"]}]},{\"@type\":\"ImageObject\",\"inLanguage\":\"zh-Hans\",\"@id\":\"https:\\\/\\\/www.zhgdled.com\\\/zh-hans\\\/hi-sea-series-led-flood-light.html#primaryimage\",\"url\":\"https:\\\/\\\/www.zhgdled.com\\\/wp-content\\\/uploads\\\/2022\\\/09\\\/hi-sea-flood-light.png\",\"contentUrl\":\"https:\\\/\\\/www.zhgdled.com\\\/wp-content\\\/uploads\\\/2022\\\/09\\\/hi-sea-flood-light.png\",\"width\":1600,\"height\":1600,\"caption\":\"luz de inunda\u00e7\u00e3o da s\u00e9rie hi-sea\"},{\"@type\":\"BreadcrumbList\",\"@id\":\"https:\\\/\\\/www.zhgdled.com\\\/zh-hans\\\/hi-sea-series-led-flood-light.html#breadcrumb\",\"itemListElement\":[{\"@type\":\"ListItem\",\"position\":1,\"name\":\"Home\",\"item\":\"https:\\\/\\\/www.zhgdled.com\\\/zh-hans\"},{\"@type\":\"ListItem\",\"position\":2,\"name\":\"PRODUCTS\",\"item\":\"https:\\\/\\\/www.zhgdled.com\\\/zhl-products.html\"},{\"@type\":\"ListItem\",\"position\":3,\"name\":\"\u77f3\u58a8\u70ef\u6750\u8d28LED\u6295\u5149\u706f\"}]},{\"@type\":\"WebSite\",\"@id\":\"https:\\\/\\\/www.zhgdled.com\\\/zh-hans\\\/#website\",\"url\":\"https:\\\/\\\/www.zhgdled.com\\\/zh-hans\\\/\",\"name\":\"\u4f17\u6052\u5149\u7535\",\"description\":\"Top ranking industrial lighting manufacturer and exporter\",\"publisher\":{\"@id\":\"https:\\\/\\\/www.zhgdled.com\\\/zh-hans\\\/#organization\"},\"potentialAction\":[{\"@type\":\"SearchAction\",\"target\":{\"@type\":\"EntryPoint\",\"urlTemplate\":\"https:\\\/\\\/www.zhgdled.com\\\/zh-hans\\\/?s={search_term_string}\"},\"query-input\":{\"@type\":\"PropertyValueSpecification\",\"valueRequired\":true,\"valueName\":\"search_term_string\"}}],\"inLanguage\":\"zh-Hans\"},{\"@type\":\"Organization\",\"@id\":\"https:\\\/\\\/www.zhgdled.com\\\/zh-hans\\\/#organization\",\"name\":\"ZHL Lighting Group\",\"url\":\"https:\\\/\\\/www.zhgdled.com\\\/zh-hans\\\/\",\"logo\":{\"@type\":\"ImageObject\",\"inLanguage\":\"zh-Hans\",\"@id\":\"https:\\\/\\\/www.zhgdled.com\\\/zh-hans\\\/#\\\/schema\\\/logo\\\/image\\\/\",\"url\":\"\",\"contentUrl\":\"\",\"caption\":\"ZHL Lighting Group\"},\"image\":{\"@id\":\"https:\\\/\\\/www.zhgdled.com\\\/zh-hans\\\/#\\\/schema\\\/logo\\\/image\\\/\"},\"sameAs\":[\"https:\\\/\\\/www.facebook.com\\\/zhllightinggroup\",\"https:\\\/\\\/x.com\\\/zhl_lighting\"]}]}<\/script>\n<!-- \/ Yoast SEO plugin. -->","yoast_head_json":{"title":"\u77f3\u58a8\u70ef\u6750\u8d28LED\u6295\u5149\u706f &#8211; \u4f17\u6052\u5149\u7535","description":"\u6765\u770b\u4e16\u754c\u6536\u6b3e\u77f3\u58a8\u70ef\u5236\u6210\u7684LED\u6295\u5149\u706f\u4ea7\u54c1\uff0c\u65e9\u57282013\u5e74\uff0cZHL\u5c31\u5df2\u7ecf\u5f00\u59cb\u7814\u7a76\u77f3\u58a8\u70ef\u7684\u6750\u6599\u8fd0\u7528\u4e8e\u5de5\u4e1a\u7167\u660e\u9886\u57df\u3002","robots":{"index":"index","follow":"follow","max-snippet":"max-snippet:-1","max-image-preview":"max-image-preview:large","max-video-preview":"max-video-preview:-1"},"canonical":"https:\/\/www.zhgdled.com\/zh-hans\/hi-sea-series-led-flood-light.html","og_locale":"zh_CN","og_type":"article","og_title":"\u77f3\u58a8\u70ef\u6750\u8d28LED\u6295\u5149\u706f &#8211; \u4f17\u6052\u5149\u7535","og_description":"\u6765\u770b\u4e16\u754c\u6536\u6b3e\u77f3\u58a8\u70ef\u5236\u6210\u7684LED\u6295\u5149\u706f\u4ea7\u54c1\uff0c\u65e9\u57282013\u5e74\uff0cZHL\u5c31\u5df2\u7ecf\u5f00\u59cb\u7814\u7a76\u77f3\u58a8\u70ef\u7684\u6750\u6599\u8fd0\u7528\u4e8e\u5de5\u4e1a\u7167\u660e\u9886\u57df\u3002","og_url":"https:\/\/www.zhgdled.com\/zh-hans\/hi-sea-series-led-flood-light.html","og_site_name":"\u4f17\u6052\u5149\u7535","article_publisher":"https:\/\/www.facebook.com\/zhllightinggroup","article_modified_time":"2023-10-26T01:25:09+00:00","og_image":[{"width":1600,"height":1600,"url":"https:\/\/www.zhgdled.com\/wp-content\/uploads\/2022\/09\/hi-sea-flood-light.png","type":"image\/png"}],"twitter_card":"summary_large_image","twitter_site":"@zhl_lighting","twitter_misc":{"\u9884\u8ba1\u9605\u8bfb\u65f6\u95f4":"1 \u5206"},"schema":{"@context":"https:\/\/schema.org","@graph":[{"@type":"WebPage","@id":"https:\/\/www.zhgdled.com\/zh-hans\/hi-sea-series-led-flood-light.html","url":"https:\/\/www.zhgdled.com\/zh-hans\/hi-sea-series-led-flood-light.html","name":"\u77f3\u58a8\u70ef\u6750\u8d28LED\u6295\u5149\u706f &#8211; \u4f17\u6052\u5149\u7535","isPartOf":{"@id":"https:\/\/www.zhgdled.com\/zh-hans\/#website"},"primaryImageOfPage":{"@id":"https:\/\/www.zhgdled.com\/zh-hans\/hi-sea-series-led-flood-light.html#primaryimage"},"image":{"@id":"https:\/\/www.zhgdled.com\/zh-hans\/hi-sea-series-led-flood-light.html#primaryimage"},"thumbnailUrl":"https:\/\/www.zhgdled.com\/wp-content\/uploads\/2022\/09\/hi-sea-flood-light.png","datePublished":"2023-10-25T07:23:08+00:00","dateModified":"2023-10-26T01:25:09+00:00","description":"\u6765\u770b\u4e16\u754c\u6536\u6b3e\u77f3\u58a8\u70ef\u5236\u6210\u7684LED\u6295\u5149\u706f\u4ea7\u54c1\uff0c\u65e9\u57282013\u5e74\uff0cZHL\u5c31\u5df2\u7ecf\u5f00\u59cb\u7814\u7a76\u77f3\u58a8\u70ef\u7684\u6750\u6599\u8fd0\u7528\u4e8e\u5de5\u4e1a\u7167\u660e\u9886\u57df\u3002","breadcrumb":{"@id":"https:\/\/www.zhgdled.com\/zh-hans\/hi-sea-series-led-flood-light.html#breadcrumb"},"inLanguage":"zh-Hans","potentialAction":[{"@type":"ReadAction","target":["https:\/\/www.zhgdled.com\/zh-hans\/hi-sea-series-led-flood-light.html"]}]},{"@type":"ImageObject","inLanguage":"zh-Hans","@id":"https:\/\/www.zhgdled.com\/zh-hans\/hi-sea-series-led-flood-light.html#primaryimage","url":"https:\/\/www.zhgdled.com\/wp-content\/uploads\/2022\/09\/hi-sea-flood-light.png","contentUrl":"https:\/\/www.zhgdled.com\/wp-content\/uploads\/2022\/09\/hi-sea-flood-light.png","width":1600,"height":1600,"caption":"luz de inunda\u00e7\u00e3o da s\u00e9rie hi-sea"},{"@type":"BreadcrumbList","@id":"https:\/\/www.zhgdled.com\/zh-hans\/hi-sea-series-led-flood-light.html#breadcrumb","itemListElement":[{"@type":"ListItem","position":1,"name":"Home","item":"https:\/\/www.zhgdled.com\/zh-hans"},{"@type":"ListItem","position":2,"name":"PRODUCTS","item":"https:\/\/www.zhgdled.com\/zhl-products.html"},{"@type":"ListItem","position":3,"name":"\u77f3\u58a8\u70ef\u6750\u8d28LED\u6295\u5149\u706f"}]},{"@type":"WebSite","@id":"https:\/\/www.zhgdled.com\/zh-hans\/#website","url":"https:\/\/www.zhgdled.com\/zh-hans\/","name":"\u4f17\u6052\u5149\u7535","description":"Top ranking industrial lighting manufacturer and exporter","publisher":{"@id":"https:\/\/www.zhgdled.com\/zh-hans\/#organization"},"potentialAction":[{"@type":"SearchAction","target":{"@type":"EntryPoint","urlTemplate":"https:\/\/www.zhgdled.com\/zh-hans\/?s={search_term_string}"},"query-input":{"@type":"PropertyValueSpecification","valueRequired":true,"valueName":"search_term_string"}}],"inLanguage":"zh-Hans"},{"@type":"Organization","@id":"https:\/\/www.zhgdled.com\/zh-hans\/#organization","name":"ZHL Lighting Group","url":"https:\/\/www.zhgdled.com\/zh-hans\/","logo":{"@type":"ImageObject","inLanguage":"zh-Hans","@id":"https:\/\/www.zhgdled.com\/zh-hans\/#\/schema\/logo\/image\/","url":"","contentUrl":"","caption":"ZHL Lighting Group"},"image":{"@id":"https:\/\/www.zhgdled.com\/zh-hans\/#\/schema\/logo\/image\/"},"sameAs":["https:\/\/www.facebook.com\/zhllightinggroup","https:\/\/x.com\/zhl_lighting"]}]}},"_links":{"self":[{"href":"https:\/\/www.zhgdled.com\/zh-hans\/wp-json\/wp\/v2\/product\/23102","targetHints":{"allow":["GET"]}}],"collection":[{"href":"https:\/\/www.zhgdled.com\/zh-hans\/wp-json\/wp\/v2\/product"}],"about":[{"href":"https:\/\/www.zhgdled.com\/zh-hans\/wp-json\/wp\/v2\/types\/product"}],"wp:featuredmedia":[{"embeddable":true,"href":"https:\/\/www.zhgdled.com\/zh-hans\/wp-json\/wp\/v2\/media\/14387"}],"wp:attachment":[{"href":"https:\/\/www.zhgdled.com\/zh-hans\/wp-json\/wp\/v2\/media?parent=23102"}],"wp:term":[{"taxonomy":"product_brand","embeddable":true,"href":"https:\/\/www.zhgdled.com\/zh-hans\/wp-json\/wp\/v2\/product_brand?post=23102"},{"taxonomy":"product_cat","embeddable":true,"href":"https:\/\/www.zhgdled.com\/zh-hans\/wp-json\/wp\/v2\/product_cat?post=23102"},{"taxonomy":"product_tag","embeddable":true,"href":"https:\/\/www.zhgdled.com\/zh-hans\/wp-json\/wp\/v2\/product_tag?post=23102"}],"curies":[{"name":"wp","href":"https:\/\/api.w.org\/{rel}","templated":true}]}}